{"id":9727,"date":"2022-10-06T06:41:59","date_gmt":"2022-10-06T04:41:59","guid":{"rendered":"https:\/\/interacsalut.cat\/transparencia\/"},"modified":"2025-05-06T08:32:53","modified_gmt":"2025-05-06T06:32:53","slug":"transparencia","status":"publish","type":"page","link":"https:\/\/interacsalut.cat\/es\/transparencia\/","title":{"rendered":"Transparencia"},"content":{"rendered":"\n<div class=\"wp-block-stackable-heading alignfull stk-block-heading stk-block-heading--v2 stk-block stk-dae63e8 stk-block-background\" id=\"strong-transparencia-strong\" data-block-id=\"dae63e8\"><style>.stk-dae63e8 .stk-block-heading__top-line{height:0px !important;margin-bottom:20px !important;}.stk-dae63e8 .stk-block-heading__bottom-line{height:0px !important;margin-top:20px !important;}.stk-dae63e8 {background-color:var(--ast-global-color-1) !important;}.stk-dae63e8:before{background-color:var(--ast-global-color-1) !important;}.stk-dae63e8 .stk-block-heading__text{color:var(--ast-global-color-4) !important;}<\/style><div class=\"stk-block-heading__top-line\"><\/div><h2 class=\"stk-block-heading__text has-text-color has-ast-global-color-4-color has-text-align-center stk-block-heading--use-theme-margins\"><strong>Transparencia<\/strong><\/h2><div class=\"stk-block-heading__bottom-line\"><\/div><\/div>\n\n\n\n<div style=\"height:25px\" aria-hidden=\"true\" class=\"wp-block-spacer\"><\/div>\n\n\n\n<div class=\"wp-block-stackable-columns stk-block-columns stk-block stk-9662ac8\" data-block-id=\"9662ac8\"><div class=\"stk-row stk-inner-blocks stk-block-content stk-content-align stk-9662ac8-column\">\n<div class=\"wp-block-stackable-column stk-block-column stk-column stk-block stk-a94b425\" data-v=\"4\" data-block-id=\"a94b425\"><style>@media screen and (min-width: 768px){.stk-a94b425 {flex:var(--stk-flex-grow, 1) 1 calc(50% - var(--stk-column-gap, 0px) * 1 \/ 2 ) !important;}}<\/style><div class=\"stk-column-wrapper stk-block-column__content stk-container stk-a94b425-container stk--no-background stk--no-padding\"><div class=\"stk-block-content stk-inner-blocks stk-a94b425-inner-blocks\">\n<div class=\"wp-block-stackable-text stk-block-text stk-block stk-7aef6f5\" data-block-id=\"7aef6f5\"><style>.stk-7aef6f5 {margin-bottom:0px !important;}<\/style><p class=\"stk-block-text__text\">La transparencia es un bien p\u00fablico esencial que contribuye a generar la confianza de la sociedad en las entidades y responde al compromiso \u00e9tico de las mismas de rendir cuentas ante los ciudadanos y los grupos de inter\u00e9s.<\/p><\/div>\n\n\n\n<div class=\"wp-block-stackable-text stk-block-text stk-block stk-aa1d224\" data-block-id=\"aa1d224\"><p class=\"stk-block-text__text\">La Fundaci\u00f3 InterAc Salut, en consonancia con lo dispuesto en la Ley 21\/2014 de 29 de diciembre, del protectorado de las fundaciones y de verificaci\u00f3n de la actividad de las asociaciones declaradas de utilidad p\u00fablica, hace p\u00fablica la informaci\u00f3n adjunta dando transparencia y legitimidad de sus actuaciones.<\/p><\/div>\n<\/div><\/div><\/div>\n\n\n\n<div class=\"wp-block-stackable-column stk-block-column stk-column stk-block stk-04e720f\" data-v=\"4\" data-block-id=\"04e720f\"><style>@media screen and (min-width: 768px){.stk-04e720f {flex:var(--stk-flex-grow, 1) 1 calc(50% - var(--stk-column-gap, 0px) * 1 \/ 2 ) !important;}}<\/style><div class=\"stk-column-wrapper stk-block-column__content stk-container stk-04e720f-container stk--no-background stk--no-padding\"><div class=\"stk-block-content stk-inner-blocks stk-04e720f-inner-blocks\">\n<div class=\"wp-block-cover is-light\" style=\"min-height:309px;aspect-ratio:unset;\"><span aria-hidden=\"true\" class=\"wp-block-cover__background has-background-dim-0 has-background-dim\" style=\"background-color:#c7c6ca\"><\/span><img loading=\"lazy\" decoding=\"async\" width=\"1000\" height=\"471\" class=\"wp-block-cover__image-background wp-image-3433\" alt=\"\" src=\"https:\/\/interacsalut.cat\/wp-content\/uploads\/2022\/10\/Rectangle-370-1-1.png\" data-object-fit=\"cover\" srcset=\"https:\/\/interacsalut.cat\/wp-content\/uploads\/2022\/10\/Rectangle-370-1-1.png 1000w, https:\/\/interacsalut.cat\/wp-content\/uploads\/2022\/10\/Rectangle-370-1-1-300x141.png 300w, https:\/\/interacsalut.cat\/wp-content\/uploads\/2022\/10\/Rectangle-370-1-1-768x362.png 768w\" sizes=\"auto, (max-width: 1000px) 100vw, 1000px\" \/><div class=\"wp-block-cover__inner-container is-layout-flow wp-block-cover-is-layout-flow\">\n<div class=\"wp-block-buttons is-content-justification-center is-layout-flex wp-container-core-buttons-is-layout-a89b3969 wp-block-buttons-is-layout-flex\">\n<div class=\"wp-block-button has-custom-width wp-block-button__width-75\"><a class=\"wp-block-button__link wp-element-button\" href=\"https:\/\/interacsalut.cat\/es\/mision-vision-objetivos-y-valores\/\" style=\"border-radius:0px\">Misi\u00f3n, visi\u00f3n, objetivos y valores<\/a><\/div>\n<\/div>\n<\/div><\/div>\n<\/div><\/div><\/div>\n<\/div><\/div>\n\n\n\n<div class=\"wp-block-stackable-columns stk-block-columns stk-block stk-6f15f31\" data-block-id=\"6f15f31\"><style>.stk-6f15f31 {margin-bottom:0px !important;}<\/style><div class=\"stk-row stk-inner-blocks has-text-align-center stk-block-content stk-content-align stk-6f15f31-column\">\n<div class=\"wp-block-stackable-column stk-block-column stk-column stk-block stk-cb6d25d m0 transparencia-section\" data-v=\"4\" data-block-id=\"cb6d25d\"><style>.stk-cb6d25d-container{background-color:transparent !important;box-shadow:0 5px 5px 0 #123f5209 !important;padding-top:0px !important;padding-right:0px !important;padding-bottom:0px !important;padding-left:0px !important;}.stk-cb6d25d-container:before{background-color:transparent !important;}<\/style><div class=\"stk-column-wrapper stk-block-column__content stk-container stk-cb6d25d-container stk-hover-parent\"><div class=\"stk-block-content stk-inner-blocks stk-cb6d25d-inner-blocks\">\n<div class=\"inherit-container-width wp-block-group alignfull is-layout-constrained wp-block-group-is-layout-constrained\">\n<div class=\"wp-block-cover is-light\" style=\"min-height:309px;aspect-ratio:unset;\"><span aria-hidden=\"true\" class=\"wp-block-cover__background has-background-dim-0 has-background-dim\"><\/span><img loading=\"lazy\" decoding=\"async\" width=\"798\" height=\"607\" class=\"wp-block-cover__image-background wp-image-3680\" alt=\"\" src=\"https:\/\/interacsalut.cat\/wp-content\/uploads\/2022\/11\/estatus-e1667568109268.png\" style=\"object-position:69% 71%\" data-object-fit=\"cover\" data-object-position=\"69% 71%\" srcset=\"https:\/\/interacsalut.cat\/wp-content\/uploads\/2022\/11\/estatus-e1667568109268.png 798w, https:\/\/interacsalut.cat\/wp-content\/uploads\/2022\/11\/estatus-e1667568109268-300x228.png 300w, https:\/\/interacsalut.cat\/wp-content\/uploads\/2022\/11\/estatus-e1667568109268-768x584.png 768w, https:\/\/interacsalut.cat\/wp-content\/uploads\/2022\/11\/estatus-e1667568109268-24x18.png 24w, https:\/\/interacsalut.cat\/wp-content\/uploads\/2022\/11\/estatus-e1667568109268-36x27.png 36w, https:\/\/interacsalut.cat\/wp-content\/uploads\/2022\/11\/estatus-e1667568109268-48x37.png 48w\" sizes=\"auto, (max-width: 798px) 100vw, 798px\" \/><div class=\"wp-block-cover__inner-container is-layout-flow wp-block-cover-is-layout-flow\">\n<div class=\"wp-block-buttons is-content-justification-center is-layout-flex wp-container-core-buttons-is-layout-a89b3969 wp-block-buttons-is-layout-flex\">\n<div class=\"wp-block-button has-custom-width wp-block-button__width-75\"><a class=\"wp-block-button__link wp-element-button\" href=\"https:\/\/interacsalut.cat\/es\/estatutos\/\" style=\"border-radius:0px\"><span style=\"color: var(--ast-global-color-4);\" class=\"stk-highlight\">Estatutos<\/span><\/a><\/div>\n<\/div>\n<\/div><\/div>\n\n\n\n<div class=\"wp-block-stackable-spacer stk-block-spacer stk--no-padding stk-block stk-7d9c364\" data-block-id=\"7d9c364\"><style>.stk-7d9c364 {height:20px !important;}<\/style><\/div>\n\n\n\n<div class=\"wp-block-stackable-text stk-block-text stk-block stk-cd64593\" data-block-id=\"cd64593\"><p class=\"stk-block-text__text\"><\/p><\/div>\n<\/div>\n<\/div><\/div><\/div>\n\n\n\n<div class=\"wp-block-stackable-column stk-block-column stk-column stk-block stk-1a9a52f\" data-v=\"4\" data-block-id=\"1a9a52f\"><style>.stk-1a9a52f-container{background-color:transparent !important;box-shadow:0 5px 5px 0 #123f5209 !important;padding-top:0px !important;padding-right:0px !important;padding-bottom:0px !important;padding-left:0px !important;}.stk-1a9a52f-container:before{background-color:transparent !important;}<\/style><div class=\"stk-column-wrapper stk-block-column__content stk-container stk-1a9a52f-container stk-hover-parent\"><div class=\"stk-block-content stk-inner-blocks stk-1a9a52f-inner-blocks\">\n<div class=\"wp-block-cover\" style=\"min-height:309px;aspect-ratio:unset;\"><span aria-hidden=\"true\" class=\"wp-block-cover__background has-background-dim-0 has-background-dim\"><\/span><img loading=\"lazy\" decoding=\"async\" width=\"964\" height=\"609\" class=\"wp-block-cover__image-background wp-image-3682\" alt=\"\" src=\"https:\/\/interacsalut.cat\/wp-content\/uploads\/2022\/11\/organitzacio.png\" style=\"object-position:50% 52%\" data-object-fit=\"cover\" data-object-position=\"50% 52%\" srcset=\"https:\/\/interacsalut.cat\/wp-content\/uploads\/2022\/11\/organitzacio.png 964w, https:\/\/interacsalut.cat\/wp-content\/uploads\/2022\/11\/organitzacio-300x190.png 300w, https:\/\/interacsalut.cat\/wp-content\/uploads\/2022\/11\/organitzacio-768x485.png 768w, https:\/\/interacsalut.cat\/wp-content\/uploads\/2022\/11\/organitzacio-24x15.png 24w, https:\/\/interacsalut.cat\/wp-content\/uploads\/2022\/11\/organitzacio-36x23.png 36w, https:\/\/interacsalut.cat\/wp-content\/uploads\/2022\/11\/organitzacio-48x30.png 48w\" sizes=\"auto, (max-width: 964px) 100vw, 964px\" \/><div class=\"wp-block-cover__inner-container is-layout-flow wp-block-cover-is-layout-flow\">\n<div class=\"wp-block-buttons is-content-justification-center is-layout-flex wp-container-core-buttons-is-layout-a89b3969 wp-block-buttons-is-layout-flex\">\n<div class=\"wp-block-button has-custom-width wp-block-button__width-75\"><a class=\"wp-block-button__link wp-element-button\" href=\"https:\/\/interacsalut.cat\/es\/estructura\/\" style=\"border-radius:0px\"><span style=\"color: var(--ast-global-color-4);\" class=\"stk-highlight\">Organizaci\u00f3n<\/span><\/a><\/div>\n<\/div>\n<\/div><\/div>\n\n\n\n<div class=\"wp-block-stackable-spacer stk-block-spacer stk--no-padding stk-block stk-ee5d5aa\" data-block-id=\"ee5d5aa\"><style>.stk-ee5d5aa {height:20px !important;}<\/style><\/div>\n\n\n\n<div class=\"wp-block-stackable-text stk-block-text stk-block stk-d8cb92f\" data-block-id=\"d8cb92f\"><p class=\"stk-block-text__text\"><\/p><\/div>\n<\/div><\/div><\/div>\n<\/div><\/div>\n\n\n\n<div class=\"wp-block-stackable-columns stk-block-columns stk-block stk-c6bf411\" data-block-id=\"c6bf411\"><style>.stk-c6bf411 {margin-bottom:0px !important;}<\/style><div class=\"stk-row stk-inner-blocks has-text-align-center stk-block-content stk-content-align stk-c6bf411-column\">\n<div class=\"wp-block-stackable-column stk-block-column stk-column stk-block stk-11b3ab5 m0\" data-v=\"4\" data-block-id=\"11b3ab5\"><style>.stk-11b3ab5-container{background-color:transparent !important;box-shadow:0 5px 5px 0 #123f5209 !important;padding-top:0px !important;padding-right:0px !important;padding-bottom:0px !important;padding-left:0px !important;}.stk-11b3ab5-container:before{background-color:transparent !important;}<\/style><div class=\"stk-column-wrapper stk-block-column__content stk-container stk-11b3ab5-container stk-hover-parent\"><div class=\"stk-block-content stk-inner-blocks stk-11b3ab5-inner-blocks\">\n<div class=\"inherit-container-width wp-block-group alignfull is-layout-constrained wp-block-group-is-layout-constrained\">\n<div class=\"wp-block-cover is-light\" style=\"min-height:309px;aspect-ratio:unset;\"><span aria-hidden=\"true\" class=\"wp-block-cover__background has-background-dim-0 has-background-dim\"><\/span><img loading=\"lazy\" decoding=\"async\" width=\"965\" height=\"609\" class=\"wp-block-cover__image-background wp-image-3677\" alt=\"\" src=\"https:\/\/interacsalut.cat\/wp-content\/uploads\/2022\/11\/actes_reunions.png\" style=\"object-position:50% 50%\" data-object-fit=\"cover\" data-object-position=\"50% 50%\" srcset=\"https:\/\/interacsalut.cat\/wp-content\/uploads\/2022\/11\/actes_reunions.png 965w, https:\/\/interacsalut.cat\/wp-content\/uploads\/2022\/11\/actes_reunions-300x189.png 300w, https:\/\/interacsalut.cat\/wp-content\/uploads\/2022\/11\/actes_reunions-768x485.png 768w, https:\/\/interacsalut.cat\/wp-content\/uploads\/2022\/11\/actes_reunions-24x15.png 24w, https:\/\/interacsalut.cat\/wp-content\/uploads\/2022\/11\/actes_reunions-36x23.png 36w, https:\/\/interacsalut.cat\/wp-content\/uploads\/2022\/11\/actes_reunions-48x30.png 48w\" sizes=\"auto, (max-width: 965px) 100vw, 965px\" \/><div class=\"wp-block-cover__inner-container is-layout-flow wp-block-cover-is-layout-flow\">\n<div class=\"wp-block-buttons is-content-justification-center is-layout-flex wp-container-core-buttons-is-layout-a89b3969 wp-block-buttons-is-layout-flex\">\n<div class=\"wp-block-button has-custom-width wp-block-button__width-75\"><a class=\"wp-block-button__link wp-element-button\" href=\"https:\/\/interacsalut.cat\/es\/actas-de-reuniones\/\" style=\"border-radius:0px\"><span style=\"color: var(--ast-global-color-4);\" class=\"stk-highlight\">Actas de reuniones<\/span><\/a><\/div>\n<\/div>\n<\/div><\/div>\n\n\n\n<div class=\"wp-block-stackable-spacer stk-block-spacer stk--no-padding stk-block stk-21d648d\" data-block-id=\"21d648d\"><style>.stk-21d648d {height:20px !important;}<\/style><\/div>\n\n\n\n<div class=\"wp-block-stackable-text stk-block-text stk-block stk-9033d58\" data-block-id=\"9033d58\"><p class=\"stk-block-text__text\"><\/p><\/div>\n<\/div>\n<\/div><\/div><\/div>\n\n\n\n<div class=\"wp-block-stackable-column stk-block-column stk-column stk-block stk-9e554d5\" data-v=\"4\" data-block-id=\"9e554d5\"><style>.stk-9e554d5-container{background-color:transparent !important;box-shadow:0 5px 5px 0 #123f5209 !important;padding-top:0px !important;padding-right:0px !important;padding-bottom:0px !important;padding-left:0px !important;}.stk-9e554d5-container:before{background-color:transparent !important;}<\/style><div class=\"stk-column-wrapper stk-block-column__content stk-container stk-9e554d5-container stk-hover-parent\"><div class=\"stk-block-content stk-inner-blocks stk-9e554d5-inner-blocks\">\n<div class=\"wp-block-cover is-light\" style=\"min-height:309px;aspect-ratio:unset;\"><span aria-hidden=\"true\" class=\"wp-block-cover__background has-background-dim-0 has-background-dim\"><\/span><img loading=\"lazy\" decoding=\"async\" width=\"963\" height=\"609\" class=\"wp-block-cover__image-background wp-image-3684\" alt=\"\" src=\"https:\/\/interacsalut.cat\/wp-content\/uploads\/2022\/11\/estat_financier.png\" style=\"object-position:0% 23%\" data-object-fit=\"cover\" data-object-position=\"0% 23%\" srcset=\"https:\/\/interacsalut.cat\/wp-content\/uploads\/2022\/11\/estat_financier.png 963w, https:\/\/interacsalut.cat\/wp-content\/uploads\/2022\/11\/estat_financier-300x190.png 300w, https:\/\/interacsalut.cat\/wp-content\/uploads\/2022\/11\/estat_financier-768x486.png 768w, https:\/\/interacsalut.cat\/wp-content\/uploads\/2022\/11\/estat_financier-24x15.png 24w, https:\/\/interacsalut.cat\/wp-content\/uploads\/2022\/11\/estat_financier-36x23.png 36w, https:\/\/interacsalut.cat\/wp-content\/uploads\/2022\/11\/estat_financier-48x30.png 48w\" sizes=\"auto, (max-width: 963px) 100vw, 963px\" \/><div class=\"wp-block-cover__inner-container is-layout-flow wp-block-cover-is-layout-flow\">\n<div class=\"wp-block-buttons is-content-justification-center is-layout-flex wp-container-core-buttons-is-layout-a89b3969 wp-block-buttons-is-layout-flex\">\n<div class=\"wp-block-button has-custom-width wp-block-button__width-75\"><a class=\"wp-block-button__link has-ast-global-color-8-color has-text-color wp-element-button\" href=\"https:\/\/interacsalut.cat\/es\/situacion-financiera-y-resultados-economicos\/\" style=\"border-radius:0px\">Resultados econ\u00f3micos<\/a><\/div>\n<\/div>\n<\/div><\/div>\n\n\n\n<div class=\"wp-block-stackable-spacer stk-block-spacer stk--no-padding stk-block stk-a459ac2\" data-block-id=\"a459ac2\"><style>.stk-a459ac2 {height:20px !important;}<\/style><\/div>\n\n\n\n<div class=\"wp-block-stackable-text stk-block-text stk-block stk-e214ef6\" data-block-id=\"e214ef6\"><p class=\"stk-block-text__text\"><\/p><\/div>\n<\/div><\/div><\/div>\n<\/div><\/div>\n\n\n\n<div class=\"wp-block-stackable-spacer stk-block-spacer stk--no-padding stk-block stk-580b7d8\" data-block-id=\"580b7d8\"><style>.stk-580b7d8 {height:100px !important;}<\/style><\/div>\n\n\n\n<div class=\"inherit-container-width wp-block-group alignfull is-layout-constrained wp-block-group-is-layout-constrained\"><\/div>\n\n\n\n\n","protected":false},"excerpt":{"rendered":"<p>Transparencia La transparencia es un bien p\u00fablico esencial que contribuye a generar la confianza de la sociedad en las entidades y responde al compromiso \u00e9tico de las mismas de rendir [&hellip;]<\/p>\n","protected":false},"author":1,"featured_media":0,"parent":0,"menu_order":0,"comment_status":"closed","ping_status":"closed","template":"","meta":{"_acf_changed":false,"site-sidebar-layout":"default","site-content-layout":"","ast-site-content-layout":"default","site-content-style":"default","site-sidebar-style":"default","ast-global-header-display":"","ast-banner-title-visibility":"","ast-main-header-display":"","ast-hfb-above-header-display":"","ast-hfb-below-header-display":"","ast-hfb-mobile-header-display":"","site-post-title":"disabled","ast-breadcrumbs-content":"","ast-featured-img":"","footer-sml-layout":"","theme-transparent-header-meta":"","adv-header-id-meta":"","stick-header-meta":"","header-above-stick-meta":"","header-main-stick-meta":"","header-below-stick-meta":"","astra-migrate-meta-layouts":"set","ast-page-background-enabled":"default","ast-page-background-meta":{"desktop":{"background-color":"var(--ast-global-color-4)","background-image":"","background-repeat":"repeat","background-position":"center center","background-size":"auto","background-attachment":"scroll","background-type":"","background-media":"","overlay-type":"","overlay-color":"","overlay-opacity":"","overlay-gradient":""},"tablet":{"background-color":"","background-image":"","background-repeat":"repeat","background-position":"center center","background-size":"auto","background-attachment":"scroll","background-type":"","background-media":"","overlay-type":"","overlay-color":"","overlay-opacity":"","overlay-gradient":""},"mobile":{"background-color":"","background-image":"","background-repeat":"repeat","background-position":"center center","background-size":"auto","background-attachment":"scroll","background-type":"","background-media":"","overlay-type":"","overlay-color":"","overlay-opacity":"","overlay-gradient":""}},"ast-content-background-meta":{"desktop":{"background-color":"var(--ast-global-color-5)","background-image":"","background-repeat":"repeat","background-position":"center center","background-size":"auto","background-attachment":"scroll","background-type":"","background-media":"","overlay-type":"","overlay-color":"","overlay-opacity":"","overlay-gradient":""},"tablet":{"background-color":"var(--ast-global-color-5)","background-image":"","background-repeat":"repeat","background-position":"center center","background-size":"auto","background-attachment":"scroll","background-type":"","background-media":"","overlay-type":"","overlay-color":"","overlay-opacity":"","overlay-gradient":""},"mobile":{"background-color":"var(--ast-global-color-5)","background-image":"","background-repeat":"repeat","background-position":"center center","background-size":"auto","background-attachment":"scroll","background-type":"","background-media":"","overlay-type":"","overlay-color":"","overlay-opacity":"","overlay-gradient":""}},"footnotes":""},"class_list":["post-9727","page","type-page","status-publish","hentry"],"acf":[],"_links":{"self":[{"href":"https:\/\/interacsalut.cat\/es\/wp-json\/wp\/v2\/pages\/9727","targetHints":{"allow":["GET"]}}],"collection":[{"href":"https:\/\/interacsalut.cat\/es\/wp-json\/wp\/v2\/pages"}],"about":[{"href":"https:\/\/interacsalut.cat\/es\/wp-json\/wp\/v2\/types\/page"}],"author":[{"embeddable":true,"href":"https:\/\/interacsalut.cat\/es\/wp-json\/wp\/v2\/users\/1"}],"replies":[{"embeddable":true,"href":"https:\/\/interacsalut.cat\/es\/wp-json\/wp\/v2\/comments?post=9727"}],"version-history":[{"count":2,"href":"https:\/\/interacsalut.cat\/es\/wp-json\/wp\/v2\/pages\/9727\/revisions"}],"predecessor-version":[{"id":15540,"href":"https:\/\/interacsalut.cat\/es\/wp-json\/wp\/v2\/pages\/9727\/revisions\/15540"}],"wp:attachment":[{"href":"https:\/\/interacsalut.cat\/es\/wp-json\/wp\/v2\/media?parent=9727"}],"curies":[{"name":"wp","href":"https:\/\/api.w.org\/{rel}","templated":true}]}}