{"id":9721,"date":"2022-10-11T12:29:25","date_gmt":"2022-10-11T10:29:25","guid":{"rendered":"https:\/\/interacsalut.cat\/solicitud-actividad\/"},"modified":"2024-03-14T10:24:22","modified_gmt":"2024-03-14T09:24:22","slug":"solicitud-actividad","status":"publish","type":"page","link":"https:\/\/interacsalut.cat\/es\/solicitud-actividad\/","title":{"rendered":"Solicitud actividad"},"content":{"rendered":"\n<div class=\"wp-block-stackable-heading alignfull stk-block-heading stk-block-heading--v2 stk-block stk-dae63e8 stk-block-background\" id=\"strong-sol-licitud-propostes-formatives-per-entitats-strong\" data-block-id=\"dae63e8\"><style>.stk-dae63e8{background-color:var(--ast-global-color-1) !important;margin-bottom:50px !important}.stk-dae63e8:before{background-color:var(--ast-global-color-1) !important}.stk-dae63e8 .stk-block-heading__text{color:var(--ast-global-color-4) !important}.stk-dae63e8 .stk-block-heading__top-line{height:0px !important;margin-bottom:20px !important}.stk-dae63e8 .stk-block-heading__bottom-line{height:0px !important;margin-top:20px !important}<\/style><div class=\"stk-block-heading__top-line\"><\/div><h2 class=\"stk-block-heading__text has-text-color has-ast-global-color-4-color has-text-align-center stk-block-heading--use-theme-margins\"><strong>Solicitud propuestas formativas de entidades<\/strong><\/h2><div class=\"stk-block-heading__bottom-line\"><\/div><\/div>\n\n\n\n<div class=\"wp-block-group is-layout-constrained wp-container-core-group-is-layout-400bda7f wp-block-group-is-layout-constrained\" style=\"border-radius:0px\">\n<p>La F. InterAc Salut gestiona el reconocimiento de cr\u00e9ditos ECTS para actividades de formaci\u00f3n permanente, dirigidas a profesionales de la salud, promovidas por las Sociedades Cient\u00edficas de la Acad\u00e8mia u otras entidades dels \u00e1mbiot sanitario.<\/p>\n\n\n\n<p>Para solicitar iinformaci\u00f3n sobre la acreditaci\u00f3n de una actividad, envie un correo electr\u00f3nico a: <a href=\"mailto:info@interacsalut.cat\">info@interacsalut.cat<\/a> o contacte mediante el <a href=\"https:\/\/interacsalut.cat\/#contacte\">formulario de contacto<\/a><\/p>\n<\/div>\n\n\n\n\n\n<div class=\"wp-block-cover is-light has-custom-content-position is-position-bottom-center\" style=\"min-height:300px;aspect-ratio:unset;\"><span aria-hidden=\"true\" class=\"wp-block-cover__background has-background-dim-0 has-background-dim\"><\/span><img loading=\"lazy\" decoding=\"async\" width=\"604\" height=\"373\" class=\"wp-block-cover__image-background wp-image-2362\" alt=\"\" src=\"https:\/\/interacsalut.cat\/wp-content\/uploads\/2022\/10\/Rectangle-361-1-e1667568523578.png\" style=\"object-position:7% 1%\" data-object-fit=\"cover\" data-object-position=\"7% 1%\" srcset=\"https:\/\/interacsalut.cat\/wp-content\/uploads\/2022\/10\/Rectangle-361-1-e1667568523578.png 604w, https:\/\/interacsalut.cat\/wp-content\/uploads\/2022\/10\/Rectangle-361-1-e1667568523578-300x185.png 300w, https:\/\/interacsalut.cat\/wp-content\/uploads\/2022\/10\/Rectangle-361-1-e1667568523578-24x15.png 24w, https:\/\/interacsalut.cat\/wp-content\/uploads\/2022\/10\/Rectangle-361-1-e1667568523578-36x22.png 36w, https:\/\/interacsalut.cat\/wp-content\/uploads\/2022\/10\/Rectangle-361-1-e1667568523578-48x30.png 48w\" sizes=\"auto, (max-width: 604px) 100vw, 604px\" \/><div class=\"wp-block-cover__inner-container is-layout-flow wp-block-cover-is-layout-flow\">\n<p class=\"has-text-align-center has-large-font-size\"><\/p>\n<\/div><\/div>\n\n\n\n<div style=\"height:50px\" aria-hidden=\"true\" class=\"wp-block-spacer\"><\/div>\n\n\n\n<div class=\"wp-block-stackable-image stk-block-image stk-block stk-fa7a100\" data-block-id=\"fa7a100\"><figure class=\"stk-img-wrapper stk-image--shape-stretch\"><img loading=\"lazy\" decoding=\"async\" class=\"stk-img wp-image-11196\" src=\"https:\/\/interacsalut.cat\/wp-content\/uploads\/2024\/03\/flujo_cast.png\" width=\"2640\" height=\"648\" srcset=\"https:\/\/interacsalut.cat\/wp-content\/uploads\/2024\/03\/flujo_cast.png 2640w, https:\/\/interacsalut.cat\/wp-content\/uploads\/2024\/03\/flujo_cast-300x74.png 300w, https:\/\/interacsalut.cat\/wp-content\/uploads\/2024\/03\/flujo_cast-1024x251.png 1024w, https:\/\/interacsalut.cat\/wp-content\/uploads\/2024\/03\/flujo_cast-768x189.png 768w, https:\/\/interacsalut.cat\/wp-content\/uploads\/2024\/03\/flujo_cast-1536x377.png 1536w, https:\/\/interacsalut.cat\/wp-content\/uploads\/2024\/03\/flujo_cast-2048x503.png 2048w, https:\/\/interacsalut.cat\/wp-content\/uploads\/2024\/03\/flujo_cast-24x6.png 24w, https:\/\/interacsalut.cat\/wp-content\/uploads\/2024\/03\/flujo_cast-36x9.png 36w, https:\/\/interacsalut.cat\/wp-content\/uploads\/2024\/03\/flujo_cast-48x12.png 48w\" sizes=\"auto, (max-width: 2640px) 100vw, 2640px\" \/><\/figure><\/div>\n\n\n\n\n\n<div style=\"height:100px\" aria-hidden=\"true\" class=\"wp-block-spacer\"><\/div>\n","protected":false},"excerpt":{"rendered":"<p>Solicitud propuestas formativas de entidades La F. InterAc Salut gestiona el reconocimiento de cr\u00e9ditos ECTS para actividades de formaci\u00f3n permanente, dirigidas a profesionales de la salud, promovidas por las Sociedades [&hellip;]<\/p>\n","protected":false},"author":1,"featured_media":0,"parent":0,"menu_order":0,"comment_status":"closed","ping_status":"closed","template":"","meta":{"_acf_changed":false,"site-sidebar-layout":"default","site-content-layout":"","ast-site-content-layout":"default","site-content-style":"default","site-sidebar-style":"default","ast-global-header-display":"","ast-banner-title-visibility":"","ast-main-header-display":"","ast-hfb-above-header-display":"","ast-hfb-below-header-display":"","ast-hfb-mobile-header-display":"","site-post-title":"disabled","ast-breadcrumbs-content":"","ast-featured-img":"","footer-sml-layout":"","theme-transparent-header-meta":"","adv-header-id-meta":"","stick-header-meta":"","header-above-stick-meta":"","header-main-stick-meta":"","header-below-stick-meta":"","astra-migrate-meta-layouts":"default","ast-page-background-enabled":"default","ast-page-background-meta":{"desktop":{"background-color":"var(--ast-global-color-4)","background-image":"","background-repeat":"repeat","background-position":"center center","background-size":"auto","background-attachment":"scroll","background-type":"","background-media":"","overlay-type":"","overlay-color":"","overlay-opacity":"","overlay-gradient":""},"tablet":{"background-color":"","background-image":"","background-repeat":"repeat","background-position":"center center","background-size":"auto","background-attachment":"scroll","background-type":"","background-media":"","overlay-type":"","overlay-color":"","overlay-opacity":"","overlay-gradient":""},"mobile":{"background-color":"","background-image":"","background-repeat":"repeat","background-position":"center center","background-size":"auto","background-attachment":"scroll","background-type":"","background-media":"","overlay-type":"","overlay-color":"","overlay-opacity":"","overlay-gradient":""}},"ast-content-background-meta":{"desktop":{"background-color":"var(--ast-global-color-5)","background-image":"","background-repeat":"repeat","background-position":"center center","background-size":"auto","background-attachment":"scroll","background-type":"","background-media":"","overlay-type":"","overlay-color":"","overlay-opacity":"","overlay-gradient":""},"tablet":{"background-color":"var(--ast-global-color-5)","background-image":"","background-repeat":"repeat","background-position":"center center","background-size":"auto","background-attachment":"scroll","background-type":"","background-media":"","overlay-type":"","overlay-color":"","overlay-opacity":"","overlay-gradient":""},"mobile":{"background-color":"var(--ast-global-color-5)","background-image":"","background-repeat":"repeat","background-position":"center center","background-size":"auto","background-attachment":"scroll","background-type":"","background-media":"","overlay-type":"","overlay-color":"","overlay-opacity":"","overlay-gradient":""}},"footnotes":""},"class_list":["post-9721","page","type-page","status-publish","hentry"],"acf":[],"_links":{"self":[{"href":"https:\/\/interacsalut.cat\/es\/wp-json\/wp\/v2\/pages\/9721","targetHints":{"allow":["GET"]}}],"collection":[{"href":"https:\/\/interacsalut.cat\/es\/wp-json\/wp\/v2\/pages"}],"about":[{"href":"https:\/\/interacsalut.cat\/es\/wp-json\/wp\/v2\/types\/page"}],"author":[{"embeddable":true,"href":"https:\/\/interacsalut.cat\/es\/wp-json\/wp\/v2\/users\/1"}],"replies":[{"embeddable":true,"href":"https:\/\/interacsalut.cat\/es\/wp-json\/wp\/v2\/comments?post=9721"}],"version-history":[{"count":2,"href":"https:\/\/interacsalut.cat\/es\/wp-json\/wp\/v2\/pages\/9721\/revisions"}],"predecessor-version":[{"id":11199,"href":"https:\/\/interacsalut.cat\/es\/wp-json\/wp\/v2\/pages\/9721\/revisions\/11199"}],"wp:attachment":[{"href":"https:\/\/interacsalut.cat\/es\/wp-json\/wp\/v2\/media?parent=9721"}],"curies":[{"name":"wp","href":"https:\/\/api.w.org\/{rel}","templated":true}]}}