{"id":9700,"date":"2022-09-29T15:32:42","date_gmt":"2022-09-29T13:32:42","guid":{"rendered":"https:\/\/interacsalut.cat\/organos-de-gobierno-y-gestion\/"},"modified":"2024-02-27T11:01:18","modified_gmt":"2024-02-27T10:01:18","slug":"organos-de-gobierno-y-gestion","status":"publish","type":"page","link":"https:\/\/interacsalut.cat\/es\/organos-de-gobierno-y-gestion\/","title":{"rendered":"\u00d3rganos de gobierno y gesti\u00f3n"},"content":{"rendered":"\n<div class=\"wp-block-stackable-heading alignfull stk-block-heading stk-block stk-dae63e8 stk-block-background\" id=\"strong-organs-de-govern-i-gestio-strong\" data-block-id=\"dae63e8\"><style>.stk-dae63e8{background-color:var(--ast-global-color-1) !important}.stk-dae63e8:before{background-color:var(--ast-global-color-1) !important}.stk-dae63e8 .stk-block-heading__text{color:var(--ast-global-color-4) !important}.stk-dae63e8 .stk-block-heading__top-line{height:0px !important;margin-bottom:20px !important}.stk-dae63e8 .stk-block-heading__bottom-line{height:0px !important;margin-top:20px !important}<\/style><div class=\"stk-block-heading__top-line\"><\/div><h2 class=\"stk-block-heading__text has-text-color has-ast-global-color-4-color has-text-align-center\"><strong>\u00d3rganos de gobierno y gesti\u00f3n<\/strong><\/h2><div class=\"stk-block-heading__bottom-line\"><\/div><\/div>\n\n<div style=\"height:25px\" aria-hidden=\"true\" class=\"wp-block-spacer\"><\/div>\n\n<div class=\"wp-block-stackable-text stk-block-text stk-block stk-b039d69\" data-block-id=\"b039d69\"><style>.stk-b039d69{margin-bottom:0px !important}<\/style><p class=\"stk-block-text__text\">El Patronato, la Presidencia, las Vicepresidencias y la Gerencia, son los \u00f3rganos de gobierno que administran, gestionan y representan a la Fundaci\u00f3 InterAc Salut de acuerdo con la definici\u00f3n de las respectivas competencias que se regulan los estatutos de la entidad.<\/p><\/div>\n\n<div class=\"wp-block-stackable-text stk-block-text stk-block stk-4a3f2b0\" data-block-id=\"4a3f2b0\"><style>.stk-4a3f2b0{margin-bottom:0px !important}<\/style><p class=\"stk-block-text__text\">La Direcci\u00f3n Docente y el Consejo Cient\u00edfico son los \u00f3rganos asesores que velan por la idoneidad y la calidad cient\u00edfica y docente de los programas acad\u00e9micos.<\/p><\/div>\n\n<div class=\"inherit-container-width wp-block-group alignfull is-layout-constrained wp-block-group-is-layout-constrained\">\n<div class=\"wp-block-stackable-columns stk-block-columns stk-block stk-80507f6\" data-block-id=\"80507f6\"><div class=\"stk-row stk-inner-blocks stk-block-content stk-content-align stk-80507f6-column\">\n<div class=\"wp-block-stackable-column stk-block-column stk-block-column--v2 stk-column stk-block stk-3aad4d9\" data-block-id=\"3aad4d9\"><style>.stk-3aad4d9-container{box-shadow:0 5px 5px 0 rgba(18,63,82,0.035) !important}<\/style><div class=\"stk-column-wrapper stk-block-column__content stk-container stk-3aad4d9-container stk--no-background stk--no-padding\"><div class=\"stk-block-content stk-inner-blocks stk-3aad4d9-inner-blocks\">\n<div class=\"wp-block-cover is-light\" style=\"min-height:309px;aspect-ratio:unset;\"><span aria-hidden=\"true\" class=\"wp-block-cover__background has-background-dim-0 has-background-dim\"><\/span><img loading=\"lazy\" decoding=\"async\" width=\"600\" height=\"399\" class=\"wp-block-cover__image-background wp-image-1654\" alt=\"\" src=\"https:\/\/interacsalut.cat\/wp-content\/uploads\/2022\/09\/A-Bofill.png\" data-object-fit=\"cover\" srcset=\"https:\/\/interacsalut.cat\/wp-content\/uploads\/2022\/09\/A-Bofill.png 600w, https:\/\/interacsalut.cat\/wp-content\/uploads\/2022\/09\/A-Bofill-300x200.png 300w\" sizes=\"auto, (max-width: 600px) 100vw, 600px\" \/><div class=\"wp-block-cover__inner-container is-layout-flow wp-block-cover-is-layout-flow\">\n<div class=\"wp-block-buttons is-content-justification-center is-layout-flex wp-container-core-buttons-is-layout-a89b3969 wp-block-buttons-is-layout-flex\">\n<div class=\"wp-block-button has-custom-width wp-block-button__width-50\"><a class=\"wp-block-button__link\" href=\"https:\/\/interacsalut.cat\/es\/patronato\/\" style=\"border-radius:0px\"><span style=\"color: var(--ast-global-color-4);\" class=\"stk-highlight\">Patronato<\/span><\/a><\/div>\n<\/div>\n<\/div><\/div>\n\n\n\n<div style=\"height:30px\" aria-hidden=\"true\" class=\"wp-block-spacer\"><\/div>\n\n\n\n<div class=\"wp-block-stackable-text stk-block-text stk-block stk-99a7fd8\" data-block-id=\"99a7fd8\"><style>.stk-99a7fd8{margin-bottom:40px !important}<\/style><p class=\"stk-block-text__text has-text-align-center\"><\/p><\/div>\n<\/div><\/div><\/div>\n\n\n\n<div class=\"wp-block-stackable-column stk-block-column stk-block-column--v2 stk-column stk-block stk-c124d1a\" data-block-id=\"c124d1a\"><style>.stk-c124d1a-container{box-shadow:0 5px 5px 0 rgba(18,63,82,0.035) !important}<\/style><div class=\"stk-column-wrapper stk-block-column__content stk-container stk-c124d1a-container stk--no-background stk--no-padding\"><div class=\"stk-block-content stk-inner-blocks stk-c124d1a-inner-blocks\">\n<div class=\"wp-block-cover is-light\" style=\"min-height:309px;aspect-ratio:unset;\"><span aria-hidden=\"true\" class=\"wp-block-cover__background has-background-dim-0 has-background-dim\"><\/span><img loading=\"lazy\" decoding=\"async\" width=\"643\" height=\"406\" class=\"wp-block-cover__image-background wp-image-2248\" alt=\"\" src=\"https:\/\/interacsalut.cat\/wp-content\/uploads\/2022\/10\/Rectangle-362-1-e1666264837958.png\" style=\"object-position:2% 56%\" data-object-fit=\"cover\" data-object-position=\"2% 56%\" srcset=\"https:\/\/interacsalut.cat\/wp-content\/uploads\/2022\/10\/Rectangle-362-1-e1666264837958.png 643w, https:\/\/interacsalut.cat\/wp-content\/uploads\/2022\/10\/Rectangle-362-1-e1666264837958-300x189.png 300w\" sizes=\"auto, (max-width: 643px) 100vw, 643px\" \/><div class=\"wp-block-cover__inner-container is-layout-flow wp-block-cover-is-layout-flow\">\n<div class=\"wp-block-buttons is-content-justification-center is-layout-flex wp-container-core-buttons-is-layout-a89b3969 wp-block-buttons-is-layout-flex\">\n<div class=\"wp-block-button has-custom-width wp-block-button__width-50\"><a class=\"wp-block-button__link\" href=\"https:\/\/interacsalut.cat\/es\/consejo-cientifico\/\" style=\"border-radius:0px\"><span style=\"color: var(--ast-global-color-4);\" class=\"stk-highlight\">Consejo Cient\u00edfico<\/span><\/a><\/div>\n<\/div>\n<\/div><\/div>\n\n\n\n<div style=\"height:30px\" aria-hidden=\"true\" class=\"wp-block-spacer\"><\/div>\n\n\n\n<div class=\"wp-block-stackable-text stk-block-text stk-block stk-ef2a91a\" data-block-id=\"ef2a91a\"><style>.stk-ef2a91a{margin-bottom:40px !important}<\/style><p class=\"stk-block-text__text has-text-align-center\"><\/p><\/div>\n<\/div><\/div><\/div>\n<\/div><\/div>\n<\/div>\n","protected":false},"excerpt":{"rendered":"<p>\u00d3rganos de gobierno y gesti\u00f3n El Patronato, la Presidencia, las Vicepresidencias y la Gerencia, son los \u00f3rganos de gobierno que administran, gestionan y representan a la Fundaci\u00f3 InterAc Salut de [&hellip;]<\/p>\n","protected":false},"author":1,"featured_media":0,"parent":0,"menu_order":0,"comment_status":"closed","ping_status":"closed","template":"","meta":{"_acf_changed":false,"site-sidebar-layout":"default","site-content-layout":"","ast-site-content-layout":"default","site-content-style":"default","site-sidebar-style":"default","ast-global-header-display":"","ast-banner-title-visibility":"","ast-main-header-display":"","ast-hfb-above-header-display":"","ast-hfb-below-header-display":"","ast-hfb-mobile-header-display":"","site-post-title":"disabled","ast-breadcrumbs-content":"","ast-featured-img":"","footer-sml-layout":"","theme-transparent-header-meta":"","adv-header-id-meta":"","stick-header-meta":"","header-above-stick-meta":"","header-main-stick-meta":"","header-below-stick-meta":"","astra-migrate-meta-layouts":"default","ast-page-background-enabled":"default","ast-page-background-meta":{"desktop":{"background-color":"var(--ast-global-color-4)","background-image":"","background-repeat":"repeat","background-position":"center center","background-size":"auto","background-attachment":"scroll","background-type":"","background-media":"","overlay-type":"","overlay-color":"","overlay-opacity":"","overlay-gradient":""},"tablet":{"background-color":"","background-image":"","background-repeat":"repeat","background-position":"center center","background-size":"auto","background-attachment":"scroll","background-type":"","background-media":"","overlay-type":"","overlay-color":"","overlay-opacity":"","overlay-gradient":""},"mobile":{"background-color":"","background-image":"","background-repeat":"repeat","background-position":"center center","background-size":"auto","background-attachment":"scroll","background-type":"","background-media":"","overlay-type":"","overlay-color":"","overlay-opacity":"","overlay-gradient":""}},"ast-content-background-meta":{"desktop":{"background-color":"var(--ast-global-color-5)","background-image":"","background-repeat":"repeat","background-position":"center center","background-size":"auto","background-attachment":"scroll","background-type":"","background-media":"","overlay-type":"","overlay-color":"","overlay-opacity":"","overlay-gradient":""},"tablet":{"background-color":"var(--ast-global-color-5)","background-image":"","background-repeat":"repeat","background-position":"center center","background-size":"auto","background-attachment":"scroll","background-type":"","background-media":"","overlay-type":"","overlay-color":"","overlay-opacity":"","overlay-gradient":""},"mobile":{"background-color":"var(--ast-global-color-5)","background-image":"","background-repeat":"repeat","background-position":"center center","background-size":"auto","background-attachment":"scroll","background-type":"","background-media":"","overlay-type":"","overlay-color":"","overlay-opacity":"","overlay-gradient":""}},"footnotes":""},"class_list":["post-9700","page","type-page","status-publish","hentry"],"acf":[],"_links":{"self":[{"href":"https:\/\/interacsalut.cat\/es\/wp-json\/wp\/v2\/pages\/9700","targetHints":{"allow":["GET"]}}],"collection":[{"href":"https:\/\/interacsalut.cat\/es\/wp-json\/wp\/v2\/pages"}],"about":[{"href":"https:\/\/interacsalut.cat\/es\/wp-json\/wp\/v2\/types\/page"}],"author":[{"embeddable":true,"href":"https:\/\/interacsalut.cat\/es\/wp-json\/wp\/v2\/users\/1"}],"replies":[{"embeddable":true,"href":"https:\/\/interacsalut.cat\/es\/wp-json\/wp\/v2\/comments?post=9700"}],"version-history":[{"count":1,"href":"https:\/\/interacsalut.cat\/es\/wp-json\/wp\/v2\/pages\/9700\/revisions"}],"predecessor-version":[{"id":9701,"href":"https:\/\/interacsalut.cat\/es\/wp-json\/wp\/v2\/pages\/9700\/revisions\/9701"}],"wp:attachment":[{"href":"https:\/\/interacsalut.cat\/es\/wp-json\/wp\/v2\/media?parent=9700"}],"curies":[{"name":"wp","href":"https:\/\/api.w.org\/{rel}","templated":true}]}}