{"id":9690,"date":"2022-10-06T08:22:43","date_gmt":"2022-10-06T06:22:43","guid":{"rendered":"https:\/\/interacsalut.cat\/estructura\/"},"modified":"2024-02-27T10:51:19","modified_gmt":"2024-02-27T09:51:19","slug":"estructura","status":"publish","type":"page","link":"https:\/\/interacsalut.cat\/es\/estructura\/","title":{"rendered":"Estructura"},"content":{"rendered":"\n<div class=\"wp-block-stackable-heading alignfull stk-block-heading stk-block-heading--v2 stk-block stk-dae63e8 stk-block-background\" id=\"organitzacio\" data-block-id=\"dae63e8\"><style>.stk-dae63e8{background-color:#006665 !important}.stk-dae63e8:before{background-color:#006665 !important}.stk-dae63e8 .stk-block-heading__text{color:var(--ast-global-color-4) !important}.stk-dae63e8 .stk-block-heading__top-line{height:0px !important;margin-bottom:20px !important}.stk-dae63e8 .stk-block-heading__bottom-line{height:0px !important;margin-top:20px !important}<\/style><div class=\"stk-block-heading__top-line\"><\/div><h2 class=\"stk-block-heading__text has-text-color has-ast-global-color-4-color has-text-align-center stk-block-heading--use-theme-margins\">Organizaci\u00f3n<\/h2><div class=\"stk-block-heading__bottom-line\"><\/div><\/div>\n\n<div class=\"wp-block-stackable-heading stk-block-heading stk-block-heading--v2 stk-block stk-5e8b561\" id=\"strong-organs-de-govern-i-gestio-strong\" data-block-id=\"5e8b561\"><style>.stk-5e8b561 .stk-block-heading__bottom-line{height:4px !important;width:40px !important;background-color:var(--ast-global-color-1) !important;margin-top:5px !important}<\/style><h3 class=\"stk-block-heading__text stk-block-heading--use-theme-margins\"><strong>\u00d2rganos de gobierno y gesti\u00f3n<\/strong><\/h3><div class=\"stk-block-heading__bottom-line\"><\/div><\/div>\n\n<div class=\"wp-block-stackable-text stk-block-text stk-block stk-ae7a63e\" data-block-id=\"ae7a63e\"><p class=\"stk-block-text__text\">El Patronato, la Presidencia, las Vicepresidencias y la Gerencia, son los \u00f3rganos de gobierno que administran, gestionan y representan a la Fundaci\u00f3 InterAc Salut de acuerdo con la definici\u00f3n de las respectivas competencias que se regulan los estatutos de la entidad. La Direcci\u00f3n Docente y el Consejo Cient\u00edfico son los \u00f3rganos asesores que velan por la idoneidad y la calidad cient\u00edfica y docente de los programas acad\u00e9micos.<\/p><\/div>\n\n<div class=\"wp-block-stackable-heading stk-block-heading stk-block-heading--v2 stk-block stk-2808d4e\" id=\"strong-organigrama-funcional-strong\" data-block-id=\"2808d4e\"><style>.stk-2808d4e{margin-bottom:0px !important}.stk-2808d4e .stk-block-heading__bottom-line{height:4px !important;width:40px !important;background-color:var(--ast-global-color-1) !important;margin-top:5px !important}<\/style><h3 class=\"stk-block-heading__text stk-block-heading--use-theme-margins\"><strong>Organigrama funcional<\/strong><\/h3><div class=\"stk-block-heading__bottom-line\"><\/div><\/div>\n\n<div class=\"wp-block-stackable-spacer stk-block-spacer stk--no-padding stk-block stk-3bf7b96\" data-block-id=\"3bf7b96\"><style>.stk-3bf7b96{height:20px !important}<\/style><\/div>\n\n<figure class=\"wp-block-image aligncenter size-large\"><img loading=\"lazy\" decoding=\"async\" width=\"1024\" height=\"712\" src=\"https:\/\/interacsalut.cat\/wp-content\/uploads\/2023\/05\/esquema-1024x712.png\" alt=\"\" class=\"wp-image-5757\" srcset=\"https:\/\/interacsalut.cat\/wp-content\/uploads\/2023\/05\/esquema-1024x712.png 1024w, https:\/\/interacsalut.cat\/wp-content\/uploads\/2023\/05\/esquema-300x209.png 300w, https:\/\/interacsalut.cat\/wp-content\/uploads\/2023\/05\/esquema-768x534.png 768w, https:\/\/interacsalut.cat\/wp-content\/uploads\/2023\/05\/esquema-1536x1069.png 1536w, https:\/\/interacsalut.cat\/wp-content\/uploads\/2023\/05\/esquema-2048x1425.png 2048w, https:\/\/interacsalut.cat\/wp-content\/uploads\/2023\/05\/esquema-24x17.png 24w, https:\/\/interacsalut.cat\/wp-content\/uploads\/2023\/05\/esquema-36x25.png 36w, https:\/\/interacsalut.cat\/wp-content\/uploads\/2023\/05\/esquema-48x33.png 48w\" sizes=\"auto, (max-width: 1024px) 100vw, 1024px\" \/><\/figure>\n<div class=\"wp-block-stackable-spacer stk-block-spacer stk--no-padding stk-block stk-5a36323\" data-block-id=\"5a36323\"><style>.stk-5a36323{height:20px !important}<\/style><\/div>\n\n<div class=\"wp-block-buttons is-layout-flex wp-block-buttons-is-layout-flex\">\n<div class=\"wp-block-button aligncenter\"><a class=\"wp-block-button__link\" href=\"https:\/\/interacsalut.cat\/es\/organos-de-gobierno-y-gestion\/\">M\u00e1s informaci\u00f3n<\/a><\/div>\n<\/div>\n\n<div class=\"wp-block-stackable-spacer stk-block-spacer stk--no-padding stk-block stk-f77e9dd\" data-block-id=\"f77e9dd\"><\/div>\n","protected":false},"excerpt":{"rendered":"<p>Organizaci\u00f3n \u00d2rganos de gobierno y gesti\u00f3n El Patronato, la Presidencia, las Vicepresidencias y la Gerencia, son los \u00f3rganos de gobierno que administran, gestionan y representan a la Fundaci\u00f3 InterAc Salut [&hellip;]<\/p>\n","protected":false},"author":1,"featured_media":0,"parent":0,"menu_order":0,"comment_status":"closed","ping_status":"closed","template":"","meta":{"_acf_changed":false,"site-sidebar-layout":"default","site-content-layout":"","ast-site-content-layout":"default","site-content-style":"default","site-sidebar-style":"default","ast-global-header-display":"","ast-banner-title-visibility":"","ast-main-header-display":"","ast-hfb-above-header-display":"","ast-hfb-below-header-display":"","ast-hfb-mobile-header-display":"","site-post-title":"disabled","ast-breadcrumbs-content":"","ast-featured-img":"","footer-sml-layout":"","theme-transparent-header-meta":"","adv-header-id-meta":"","stick-header-meta":"","header-above-stick-meta":"","header-main-stick-meta":"","header-below-stick-meta":"","astra-migrate-meta-layouts":"default","ast-page-background-enabled":"default","ast-page-background-meta":{"desktop":{"background-color":"var(--ast-global-color-4)","background-image":"","background-repeat":"repeat","background-position":"center center","background-size":"auto","background-attachment":"scroll","background-type":"","background-media":"","overlay-type":"","overlay-color":"","overlay-opacity":"","overlay-gradient":""},"tablet":{"background-color":"","background-image":"","background-repeat":"repeat","background-position":"center center","background-size":"auto","background-attachment":"scroll","background-type":"","background-media":"","overlay-type":"","overlay-color":"","overlay-opacity":"","overlay-gradient":""},"mobile":{"background-color":"","background-image":"","background-repeat":"repeat","background-position":"center center","background-size":"auto","background-attachment":"scroll","background-type":"","background-media":"","overlay-type":"","overlay-color":"","overlay-opacity":"","overlay-gradient":""}},"ast-content-background-meta":{"desktop":{"background-color":"var(--ast-global-color-5)","background-image":"","background-repeat":"repeat","background-position":"center center","background-size":"auto","background-attachment":"scroll","background-type":"","background-media":"","overlay-type":"","overlay-color":"","overlay-opacity":"","overlay-gradient":""},"tablet":{"background-color":"var(--ast-global-color-5)","background-image":"","background-repeat":"repeat","background-position":"center center","background-size":"auto","background-attachment":"scroll","background-type":"","background-media":"","overlay-type":"","overlay-color":"","overlay-opacity":"","overlay-gradient":""},"mobile":{"background-color":"var(--ast-global-color-5)","background-image":"","background-repeat":"repeat","background-position":"center center","background-size":"auto","background-attachment":"scroll","background-type":"","background-media":"","overlay-type":"","overlay-color":"","overlay-opacity":"","overlay-gradient":""}},"footnotes":""},"class_list":["post-9690","page","type-page","status-publish","hentry"],"acf":[],"_links":{"self":[{"href":"https:\/\/interacsalut.cat\/es\/wp-json\/wp\/v2\/pages\/9690","targetHints":{"allow":["GET"]}}],"collection":[{"href":"https:\/\/interacsalut.cat\/es\/wp-json\/wp\/v2\/pages"}],"about":[{"href":"https:\/\/interacsalut.cat\/es\/wp-json\/wp\/v2\/types\/page"}],"author":[{"embeddable":true,"href":"https:\/\/interacsalut.cat\/es\/wp-json\/wp\/v2\/users\/1"}],"replies":[{"embeddable":true,"href":"https:\/\/interacsalut.cat\/es\/wp-json\/wp\/v2\/comments?post=9690"}],"version-history":[{"count":1,"href":"https:\/\/interacsalut.cat\/es\/wp-json\/wp\/v2\/pages\/9690\/revisions"}],"predecessor-version":[{"id":9691,"href":"https:\/\/interacsalut.cat\/es\/wp-json\/wp\/v2\/pages\/9690\/revisions\/9691"}],"wp:attachment":[{"href":"https:\/\/interacsalut.cat\/es\/wp-json\/wp\/v2\/media?parent=9690"}],"curies":[{"name":"wp","href":"https:\/\/api.w.org\/{rel}","templated":true}]}}