{"id":9688,"date":"2022-10-06T12:35:09","date_gmt":"2022-10-06T10:35:09","guid":{"rendered":"https:\/\/interacsalut.cat\/estatutos\/"},"modified":"2024-02-27T10:49:34","modified_gmt":"2024-02-27T09:49:34","slug":"estatutos","status":"publish","type":"page","link":"https:\/\/interacsalut.cat\/es\/estatutos\/","title":{"rendered":"Estatutos"},"content":{"rendered":"\n<div class=\"wp-block-stackable-heading alignfull stk-block-heading stk-block stk-dae63e8 stk-block-background\" id=\"estatuts\" data-block-id=\"dae63e8\"><style>.stk-dae63e8{background-color:#006665 !important}.stk-dae63e8:before{background-color:#006665 !important}.stk-dae63e8 .stk-block-heading__text{color:var(--ast-global-color-4) !important}.stk-dae63e8 .stk-block-heading__top-line{height:0px !important;margin-bottom:20px !important}.stk-dae63e8 .stk-block-heading__bottom-line{height:0px !important;margin-top:20px !important}<\/style><div class=\"stk-block-heading__top-line\"><\/div><h2 class=\"stk-block-heading__text has-text-color has-ast-global-color-4-color has-text-align-center\">Estatutos<\/h2><div class=\"stk-block-heading__bottom-line\"><\/div><\/div>\n\n<div class=\"wp-block-stackable-spacer stk-block-spacer stk--no-padding stk-block stk-487d208\" data-block-id=\"487d208\"><style>.stk-487d208{height:25px !important}<\/style><\/div>\n\n<div class=\"wp-block-stackable-text stk-block-text stk-block stk-7d32c47\" data-block-id=\"7d32c47\"><p class=\"stk-block-text__text\">La Fundaci\u00f3 Institut Interuniversitari InterAc Salut, entidad sin \u00e1nimo de lucro, se rige por los estatutos acordados por la totalidad de sus miembros, as\u00ed como por las declaraciones contenidas en su carta fundacional, por las disposiciones legales que le son de aplicaci\u00f3n, y por los acuerdos que adopte el Patronato en el ejercicio de sus funciones. <br\/>Documentos:<\/p><\/div>\n\n<div class=\"wp-block-stackable-icon-list stk-block-icon-list stk-block stk-b395448\" data-block-id=\"b395448\"><style>.stk-b395448 li{margin-bottom:10px !important}.stk-b395448 li::marker{color:var(--ast-global-color-1) !important;font-size:1.2em !important}<\/style><ul><li><a href=\"https:\/\/interacsalut.cat\/wp-content\/uploads\/2022\/10\/estatuts-finteracsalut-gener2020.pdf\" target=\"_blank\" rel=\"noreferrer noopener\">Estatutos F. Institut Interuniversitari InterAc Salut_febrero 2020<\/a><\/li><\/ul><\/div>\n\n<div class=\"wp-block-stackable-spacer stk-block-spacer stk--no-padding stk-block stk-e074ab3\" data-block-id=\"e074ab3\"><style>.stk-e074ab3{height:100px !important}<\/style><\/div>\n","protected":false},"excerpt":{"rendered":"<p>Estatutos La Fundaci\u00f3 Institut Interuniversitari InterAc Salut, entidad sin \u00e1nimo de lucro, se rige por los estatutos acordados por la totalidad de sus miembros, as\u00ed como por las declaraciones contenidas [&hellip;]<\/p>\n","protected":false},"author":1,"featured_media":0,"parent":0,"menu_order":0,"comment_status":"closed","ping_status":"closed","template":"","meta":{"_acf_changed":false,"site-sidebar-layout":"default","site-content-layout":"","ast-site-content-layout":"default","site-content-style":"default","site-sidebar-style":"default","ast-global-header-display":"","ast-banner-title-visibility":"","ast-main-header-display":"","ast-hfb-above-header-display":"","ast-hfb-below-header-display":"","ast-hfb-mobile-header-display":"","site-post-title":"disabled","ast-breadcrumbs-content":"","ast-featured-img":"","footer-sml-layout":"","theme-transparent-header-meta":"","adv-header-id-meta":"","stick-header-meta":"","header-above-stick-meta":"","header-main-stick-meta":"","header-below-stick-meta":"","astra-migrate-meta-layouts":"default","ast-page-background-enabled":"default","ast-page-background-meta":{"desktop":{"background-color":"var(--ast-global-color-4)","background-image":"","background-repeat":"repeat","background-position":"center center","background-size":"auto","background-attachment":"scroll","background-type":"","background-media":"","overlay-type":"","overlay-color":"","overlay-opacity":"","overlay-gradient":""},"tablet":{"background-color":"","background-image":"","background-repeat":"repeat","background-position":"center center","background-size":"auto","background-attachment":"scroll","background-type":"","background-media":"","overlay-type":"","overlay-color":"","overlay-opacity":"","overlay-gradient":""},"mobile":{"background-color":"","background-image":"","background-repeat":"repeat","background-position":"center center","background-size":"auto","background-attachment":"scroll","background-type":"","background-media":"","overlay-type":"","overlay-color":"","overlay-opacity":"","overlay-gradient":""}},"ast-content-background-meta":{"desktop":{"background-color":"var(--ast-global-color-5)","background-image":"","background-repeat":"repeat","background-position":"center center","background-size":"auto","background-attachment":"scroll","background-type":"","background-media":"","overlay-type":"","overlay-color":"","overlay-opacity":"","overlay-gradient":""},"tablet":{"background-color":"var(--ast-global-color-5)","background-image":"","background-repeat":"repeat","background-position":"center center","background-size":"auto","background-attachment":"scroll","background-type":"","background-media":"","overlay-type":"","overlay-color":"","overlay-opacity":"","overlay-gradient":""},"mobile":{"background-color":"var(--ast-global-color-5)","background-image":"","background-repeat":"repeat","background-position":"center center","background-size":"auto","background-attachment":"scroll","background-type":"","background-media":"","overlay-type":"","overlay-color":"","overlay-opacity":"","overlay-gradient":""}},"footnotes":""},"class_list":["post-9688","page","type-page","status-publish","hentry"],"acf":[],"_links":{"self":[{"href":"https:\/\/interacsalut.cat\/es\/wp-json\/wp\/v2\/pages\/9688","targetHints":{"allow":["GET"]}}],"collection":[{"href":"https:\/\/interacsalut.cat\/es\/wp-json\/wp\/v2\/pages"}],"about":[{"href":"https:\/\/interacsalut.cat\/es\/wp-json\/wp\/v2\/types\/page"}],"author":[{"embeddable":true,"href":"https:\/\/interacsalut.cat\/es\/wp-json\/wp\/v2\/users\/1"}],"replies":[{"embeddable":true,"href":"https:\/\/interacsalut.cat\/es\/wp-json\/wp\/v2\/comments?post=9688"}],"version-history":[{"count":1,"href":"https:\/\/interacsalut.cat\/es\/wp-json\/wp\/v2\/pages\/9688\/revisions"}],"predecessor-version":[{"id":9689,"href":"https:\/\/interacsalut.cat\/es\/wp-json\/wp\/v2\/pages\/9688\/revisions\/9689"}],"wp:attachment":[{"href":"https:\/\/interacsalut.cat\/es\/wp-json\/wp\/v2\/media?parent=9688"}],"curies":[{"name":"wp","href":"https:\/\/api.w.org\/{rel}","templated":true}]}}