{"id":9686,"date":"2022-10-06T07:43:07","date_gmt":"2022-10-06T05:43:07","guid":{"rendered":"https:\/\/interacsalut.cat\/situacion-financiera-y-resultados-economicos\/"},"modified":"2026-03-11T09:33:12","modified_gmt":"2026-03-11T08:33:12","slug":"situacion-financiera-y-resultados-economicos","status":"publish","type":"page","link":"https:\/\/interacsalut.cat\/es\/situacion-financiera-y-resultados-economicos\/","title":{"rendered":"Situaci\u00f3n financiera y resultados econ\u00f3micos"},"content":{"rendered":"\n<div class=\"wp-block-stackable-heading alignfull stk-block-heading stk-block-heading--v2 stk-block stk-dae63e8 stk-block-background\" id=\"resultats-economics\" data-block-id=\"dae63e8\"><style>.stk-dae63e8 .stk-block-heading__top-line{height:0px !important;margin-bottom:20px !important;}.stk-dae63e8 .stk-block-heading__bottom-line{height:0px !important;margin-top:20px !important;}.stk-dae63e8 {background-color:#006665 !important;}.stk-dae63e8:before{background-color:#006665 !important;}.stk-dae63e8 .stk-block-heading__text{color:var(--ast-global-color-4) !important;}<\/style><div class=\"stk-block-heading__top-line\"><\/div><h2 class=\"stk-block-heading__text has-text-color has-ast-global-color-4-color has-text-align-center stk-block-heading--use-theme-margins\">Resultados econ\u00f3micos<\/h2><div class=\"stk-block-heading__bottom-line\"><\/div><\/div>\n\n\n\n<div class=\"wp-block-stackable-heading stk-block-heading stk-block-heading--v2 stk-block stk-5e8b561\" id=\"strong-estat-financer-i-resultats-economics-strong\" data-block-id=\"5e8b561\"><style>.stk-5e8b561 .stk-block-heading__bottom-line{height:4px !important;width:40px !important;background-color:var(--ast-global-color-1) !important;margin-top:5px !important;}<\/style><h3 class=\"stk-block-heading__text stk-block-heading--use-theme-margins\"><strong>Situaci\u00f3n financiera y resultados econ\u00f3micos<\/strong><\/h3><div class=\"stk-block-heading__bottom-line\"><\/div><\/div>\n\n\n\n<div class=\"wp-block-stackable-icon-list stk-block-icon-list stk-block stk-a643011\" data-block-id=\"a643011\"><style>.stk-a643011 .stk-block-icon-list-item__content{gap:4px !important;align-items:baseline !important;}.stk-a643011 {--stk-icon-list-row-gap:10px !important;--stk-icon-list-marker-color:var(--ast-global-color-1) !important;--stk-icon-list-icon-size:9.25px !important;}<\/style><svg style=\"display:none\"><defs><g id=\"stk-icon-list__icon-svg-def-a643011\"><\/g><\/defs><\/svg><div class=\"stk-block-icon-list__ul stk-block-icon-list--column\"><ul class=\"stk-block-icon-list__group\">\n<li class=\"wp-block-stackable-icon-list-item stk-block-icon-list-item stk-block stk-9c978d0\" data-block-id=\"9c978d0\"><div class=\"stk-block-icon-list-item__content\"><span class=\"stk--svg-wrapper\"><div class=\"stk--inner-svg\"><svg aria-hidden=\"true\" width=\"32\" height=\"32\"><use xlink:href=\"#stk-icon-list__icon-svg-def-a643011\"><\/use><\/svg><\/div><\/span><span class=\"stk-block-icon-list-item__text\"><a rel=\"noreferrer noopener\" href=\"https:\/\/interacsalut.cat\/wp-content\/uploads\/2022\/10\/Comptes_Anuals_Certificat_Aprovacio_Comptes_2016_FInterAc_Salut.pdf\" target=\"_blank\">Cuentas Anuales y Certificado aprobaci\u00f3n cuentas 2016<\/a><\/span><\/div><\/li>\n\n\n\n<li class=\"wp-block-stackable-icon-list-item stk-block-icon-list-item stk-block stk-1506fcc\" data-block-id=\"1506fcc\"><div class=\"stk-block-icon-list-item__content\"><span class=\"stk--svg-wrapper\"><div class=\"stk--inner-svg\"><svg aria-hidden=\"true\" width=\"32\" height=\"32\"><use xlink:href=\"#stk-icon-list__icon-svg-def-a643011\"><\/use><\/svg><\/div><\/span><span class=\"stk-block-icon-list-item__text\"><a rel=\"noreferrer noopener\" href=\"https:\/\/interacsalut.cat\/wp-content\/uploads\/2022\/10\/Comptes_Anuals_Certificat_Aprovacio_Comptes_2017_FInterAc_Salut.pdf\" target=\"_blank\">Cuentas Anuales y Certificado aprobaci\u00f3n cuentas 2017<\/a><\/span><\/div><\/li>\n\n\n\n<li class=\"wp-block-stackable-icon-list-item stk-block-icon-list-item stk-block stk-d4f9a59\" data-block-id=\"d4f9a59\"><div class=\"stk-block-icon-list-item__content\"><span class=\"stk--svg-wrapper\"><div class=\"stk--inner-svg\"><svg aria-hidden=\"true\" width=\"32\" height=\"32\"><use xlink:href=\"#stk-icon-list__icon-svg-def-a643011\"><\/use><\/svg><\/div><\/span><span class=\"stk-block-icon-list-item__text\"><a rel=\"noreferrer noopener\" href=\"https:\/\/interacsalut.cat\/wp-content\/uploads\/2022\/10\/Comptes_Anuals_Certificat_Aprovacio_Comptes_2018_FInterAc_Salut.pdf\" target=\"_blank\">Cuentas Anuales y Certificado aprobaci\u00f3n cuentas 2018<\/a><\/span><\/div><\/li>\n\n\n\n<li class=\"wp-block-stackable-icon-list-item stk-block-icon-list-item stk-block stk-5a5d9b5\" data-block-id=\"5a5d9b5\"><div class=\"stk-block-icon-list-item__content\"><span class=\"stk--svg-wrapper\"><div class=\"stk--inner-svg\"><svg aria-hidden=\"true\" width=\"32\" height=\"32\"><use xlink:href=\"#stk-icon-list__icon-svg-def-a643011\"><\/use><\/svg><\/div><\/span><span class=\"stk-block-icon-list-item__text\"><a rel=\"noreferrer noopener\" href=\"https:\/\/interacsalut.cat\/wp-content\/uploads\/2022\/10\/comptes-anuals-i-certificat-01-01-2019-a-31-08-2019-1.pdf\" target=\"_blank\">Cuentas Anuales y Certificado aprobaci\u00f3n cuentas 01\/01\/2019 a 31\/08\/2019<\/a><\/span><\/div><\/li>\n\n\n\n<li class=\"wp-block-stackable-icon-list-item stk-block-icon-list-item stk-block stk-0e7023f\" data-block-id=\"0e7023f\"><div class=\"stk-block-icon-list-item__content\"><span class=\"stk--svg-wrapper\"><div class=\"stk--inner-svg\"><svg aria-hidden=\"true\" width=\"32\" height=\"32\"><use xlink:href=\"#stk-icon-list__icon-svg-def-a643011\"><\/use><\/svg><\/div><\/span><span class=\"stk-block-icon-list-item__text\"><a rel=\"noreferrer noopener\" href=\"https:\/\/interacsalut.cat\/wp-content\/uploads\/2022\/10\/comptes-anuals-signats01092019-a-31082020-1.pdf\" target=\"_blank\">Cuentas Anuales y Certificado aprobaci\u00f3n cuentas 01\/09\/2019 a 31\/08\/2020<\/a><\/span><\/div><\/li>\n\n\n\n<li class=\"wp-block-stackable-icon-list-item stk-block-icon-list-item stk-block stk-6bfb337\" data-block-id=\"6bfb337\"><div class=\"stk-block-icon-list-item__content\"><span class=\"stk--svg-wrapper\"><div class=\"stk--inner-svg\"><svg aria-hidden=\"true\" width=\"32\" height=\"32\"><use xlink:href=\"#stk-icon-list__icon-svg-def-a643011\"><\/use><\/svg><\/div><\/span><span class=\"stk-block-icon-list-item__text\"><a href=\"https:\/\/interacsalut.cat\/wp-content\/uploads\/2022\/10\/comptes-anuals-i-certificat-aprovaci-comptes-01092021-a-31082022.pdf\" target=\"_blank\" rel=\"noreferrer noopener\">Cuentas Anuales y Certificado aprobaci\u00f3n cuentas 01\/09\/2020 a 31\/08\/2021<\/a><\/span><\/div><\/li>\n\n\n\n<li class=\"wp-block-stackable-icon-list-item stk-block-icon-list-item stk-block stk-d49c404\" data-block-id=\"d49c404\"><div class=\"stk-block-icon-list-item__content\"><span class=\"stk--svg-wrapper\"><div class=\"stk--inner-svg\"><svg aria-hidden=\"true\" width=\"32\" height=\"32\"><use xlink:href=\"#stk-icon-list__icon-svg-def-a643011\"><\/use><\/svg><\/div><\/span><span class=\"stk-block-icon-list-item__text\"><a href=\"https:\/\/interacsalut.cat\/wp-content\/uploads\/2023\/05\/CCAA_Interac_21_22_signats.pdf\" target=\"_blank\" rel=\"noreferrer noopener\">Cuentas Anuales y Certificado aprobaci\u00f3n cuentas 01\/09\/2021 a 31\/08\/2022<\/a><\/span><\/div><\/li>\n\n\n\n<li class=\"wp-block-stackable-icon-list-item stk-block-icon-list-item stk-block stk-1885bf0\" data-block-id=\"1885bf0\"><div class=\"stk-block-icon-list-item__content\"><span class=\"stk--svg-wrapper\"><div class=\"stk--inner-svg\"><svg aria-hidden=\"true\" width=\"32\" height=\"32\"><use xlink:href=\"#stk-icon-list__icon-svg-def-a643011\"><\/use><\/svg><\/div><\/span><span class=\"stk-block-icon-list-item__text\"><a href=\"https:\/\/interacsalut.cat\/wp-content\/uploads\/2025\/03\/Informe-Auditoria_CCAA-interac-2223-Definitiu_signat6.pdf\">Cuentas Anuales y Certificado aprobaci\u00f3n cuentas 01\/09\/2022 a 31\/08\/2023<\/a><\/span><\/div><\/li>\n\n\n\n<li class=\"wp-block-stackable-icon-list-item stk-block-icon-list-item stk-block stk-d367b54\" data-block-id=\"d367b54\"><div class=\"stk-block-icon-list-item__content\"><span class=\"stk--svg-wrapper\"><div class=\"stk--inner-svg\"><svg aria-hidden=\"true\" width=\"32\" height=\"32\"><use xlink:href=\"#stk-icon-list__icon-svg-def-a643011\"><\/use><\/svg><\/div><\/span><span class=\"stk-block-icon-list-item__text\"><a href=\"https:\/\/interacsalut.cat\/wp-content\/uploads\/2025\/03\/CCAA-i-memoria-auditoria_i_certificat.pdf\">Cuentas Anuales y Certificado aprobaci\u00f3n cuentas 01\/09\/2023 a 31\/08\/2024<\/a> <\/span><\/div><\/li>\n\n\n\n<li class=\"wp-block-stackable-icon-list-item stk-block-icon-list-item stk-block stk-f3c1d52\" data-block-id=\"f3c1d52\"><div class=\"stk-block-icon-list-item__content\"><span class=\"stk--svg-wrapper\"><div class=\"stk--inner-svg\"><svg aria-hidden=\"true\" width=\"32\" height=\"32\"><use xlink:href=\"#stk-icon-list__icon-svg-def-a643011\"><\/use><\/svg><\/div><\/span><span class=\"stk-block-icon-list-item__text\"><a href=\"https:\/\/interacsalut.cat\/wp-content\/uploads\/2026\/03\/CCAA_i_certificat-aprovacio-comptes_24_25.pdf\">Cuentas Anuales y Certificado aprobaci\u00f3n cuentas 01\/09\/2024 a 31\/08\/2025<\/a><\/span><\/div><\/li>\n<\/ul><\/div><\/div>\n\n\n\n<div style=\"height:100px\" aria-hidden=\"true\" class=\"wp-block-spacer\"><\/div>\n\n\n\n<p><\/p>\n","protected":false},"excerpt":{"rendered":"<p>Resultados econ\u00f3micos Situaci\u00f3n financiera y resultados econ\u00f3micos<\/p>\n","protected":false},"author":1,"featured_media":0,"parent":0,"menu_order":0,"comment_status":"closed","ping_status":"closed","template":"","meta":{"_acf_changed":false,"site-sidebar-layout":"default","site-content-layout":"","ast-site-content-layout":"default","site-content-style":"default","site-sidebar-style":"default","ast-global-header-display":"","ast-banner-title-visibility":"","ast-main-header-display":"","ast-hfb-above-header-display":"","ast-hfb-below-header-display":"","ast-hfb-mobile-header-display":"","site-post-title":"disabled","ast-breadcrumbs-content":"","ast-featured-img":"","footer-sml-layout":"","theme-transparent-header-meta":"","adv-header-id-meta":"","stick-header-meta":"","header-above-stick-meta":"","header-main-stick-meta":"","header-below-stick-meta":"","astra-migrate-meta-layouts":"set","ast-page-background-enabled":"default","ast-page-background-meta":{"desktop":{"background-color":"var(--ast-global-color-4)","background-image":"","background-repeat":"repeat","background-position":"center center","background-size":"auto","background-attachment":"scroll","background-type":"","background-media":"","overlay-type":"","overlay-color":"","overlay-opacity":"","overlay-gradient":""},"tablet":{"background-color":"","background-image":"","background-repeat":"repeat","background-position":"center center","background-size":"auto","background-attachment":"scroll","background-type":"","background-media":"","overlay-type":"","overlay-color":"","overlay-opacity":"","overlay-gradient":""},"mobile":{"background-color":"","background-image":"","background-repeat":"repeat","background-position":"center center","background-size":"auto","background-attachment":"scroll","background-type":"","background-media":"","overlay-type":"","overlay-color":"","overlay-opacity":"","overlay-gradient":""}},"ast-content-background-meta":{"desktop":{"background-color":"var(--ast-global-color-5)","background-image":"","background-repeat":"repeat","background-position":"center center","background-size":"auto","background-attachment":"scroll","background-type":"","background-media":"","overlay-type":"","overlay-color":"","overlay-opacity":"","overlay-gradient":""},"tablet":{"background-color":"var(--ast-global-color-5)","background-image":"","background-repeat":"repeat","background-position":"center center","background-size":"auto","background-attachment":"scroll","background-type":"","background-media":"","overlay-type":"","overlay-color":"","overlay-opacity":"","overlay-gradient":""},"mobile":{"background-color":"var(--ast-global-color-5)","background-image":"","background-repeat":"repeat","background-position":"center center","background-size":"auto","background-attachment":"scroll","background-type":"","background-media":"","overlay-type":"","overlay-color":"","overlay-opacity":"","overlay-gradient":""}},"footnotes":""},"class_list":["post-9686","page","type-page","status-publish","hentry"],"acf":[],"_links":{"self":[{"href":"https:\/\/interacsalut.cat\/es\/wp-json\/wp\/v2\/pages\/9686","targetHints":{"allow":["GET"]}}],"collection":[{"href":"https:\/\/interacsalut.cat\/es\/wp-json\/wp\/v2\/pages"}],"about":[{"href":"https:\/\/interacsalut.cat\/es\/wp-json\/wp\/v2\/types\/page"}],"author":[{"embeddable":true,"href":"https:\/\/interacsalut.cat\/es\/wp-json\/wp\/v2\/users\/1"}],"replies":[{"embeddable":true,"href":"https:\/\/interacsalut.cat\/es\/wp-json\/wp\/v2\/comments?post=9686"}],"version-history":[{"count":5,"href":"https:\/\/interacsalut.cat\/es\/wp-json\/wp\/v2\/pages\/9686\/revisions"}],"predecessor-version":[{"id":18524,"href":"https:\/\/interacsalut.cat\/es\/wp-json\/wp\/v2\/pages\/9686\/revisions\/18524"}],"wp:attachment":[{"href":"https:\/\/interacsalut.cat\/es\/wp-json\/wp\/v2\/media?parent=9686"}],"curies":[{"name":"wp","href":"https:\/\/api.w.org\/{rel}","templated":true}]}}