{"id":7494,"date":"2022-10-04T11:28:01","date_gmt":"2022-10-04T11:28:01","guid":{"rendered":"https:\/\/interacsalut.cat\/historia\/"},"modified":"2024-02-27T17:07:04","modified_gmt":"2024-02-27T16:07:04","slug":"historia","status":"publish","type":"page","link":"https:\/\/interacsalut.cat\/es\/historia\/","title":{"rendered":"Historia"},"content":{"rendered":"\n<div class=\"wp-block-stackable-heading alignfull stk-block-heading stk-block-heading--v2 stk-block stk-dae63e8 stk-block-background\" id=\"strong-historia-strong\" data-block-id=\"dae63e8\"><style>.stk-dae63e8{background-color:var(--ast-global-color-1) !important}.stk-dae63e8:before{background-color:var(--ast-global-color-1) !important}.stk-dae63e8 .stk-block-heading__text{color:var(--ast-global-color-4) !important}.stk-dae63e8 .stk-block-heading__top-line{height:0px !important;margin-bottom:20px !important}.stk-dae63e8 .stk-block-heading__bottom-line{height:0px !important;margin-top:20px !important}<\/style><div class=\"stk-block-heading__top-line\"><\/div><h2 class=\"stk-block-heading__text has-text-color has-ast-global-color-4-color has-text-align-center stk-block-heading--use-theme-margins\"><strong>Historia<\/strong><\/h2><div class=\"stk-block-heading__bottom-line\"><\/div><\/div>\n\n<div class=\"inherit-container-width wp-block-group alignwide is-layout-constrained wp-block-group-is-layout-constrained\">\n<div class=\"wp-block-stackable-heading stk-block-heading stk-block-heading--v2 stk-block stk-5e8b561\" id=\"strong-historia-de-la-f-inter-ac-salut-strong\" data-block-id=\"5e8b561\"><style>.stk-5e8b561 .stk-block-heading__bottom-line{height:4px !important;width:40px !important;background-color:var(--ast-global-color-1) !important;margin-top:5px !important}<\/style><h3 class=\"stk-block-heading__text stk-block-heading--use-theme-margins\"><strong>Historia de la F. InterAc Salut<\/strong><\/h3><div class=\"stk-block-heading__bottom-line\"><\/div><\/div>\n\n\n\n<div class=\"wp-block-media-text alignwide has-media-on-the-right is-stacked-on-mobile\"><div class=\"wp-block-media-text__content\">\n<div class=\"wp-block-stackable-text stk-block-text stk-block stk-8558549\" data-block-id=\"8558549\"><p class=\"stk-block-text__text\">La Fundaci\u00f3n InterAc Salut -F. InterAc Salut- es una entidad independiente, fundada por iniciativa de la Acad\u00e8mia de Ci\u00e8ncies M\u00e8diques i de la Salut de Catalunya i de Balears -La Acad\u00e8mia-.<\/p><\/div>\n\n\n\n<div class=\"wp-block-stackable-text stk-block-text stk-block stk-98eec01\" data-block-id=\"98eec01\"><p class=\"stk-block-text__text\">Con el apoyo inicial de la Universitat Polit\u00e9cnica de Catalunya, la Universidad de Girona, la Universidad de Lleida, la Universidad Rovira i Virgili y la Universidad de Vic-UCC, en el a\u00f1o 2012, la Acad\u00e8mia inicia los tr\u00e1mites para la creaci\u00f3n de la F. InterAc Salut, con el objetivo de obtener reconocimiento acad\u00e9mico por algunas de las actividades promovidas por la entidad, sus Filiales y Sociedades Cient\u00edficas y el desarrollo de nuevas actividades conjuntas de formaci\u00f3n especializada.<\/p><\/div>\n<\/div><figure class=\"wp-block-media-text__media\"><img loading=\"lazy\" decoding=\"async\" width=\"871\" height=\"579\" src=\"https:\/\/interacsalut.cat\/wp-content\/uploads\/2022\/10\/image-92.png\" alt=\"\" class=\"wp-image-1834 size-full\" srcset=\"https:\/\/interacsalut.cat\/wp-content\/uploads\/2022\/10\/image-92.png 871w, https:\/\/interacsalut.cat\/wp-content\/uploads\/2022\/10\/image-92-300x199.png 300w, https:\/\/interacsalut.cat\/wp-content\/uploads\/2022\/10\/image-92-768x511.png 768w\" sizes=\"auto, (max-width: 871px) 100vw, 871px\" \/><\/figure><\/div>\n\n\n\n<div class=\"wp-block-stackable-text stk-block-text stk-block stk-2ee9ff7\" data-block-id=\"2ee9ff7\"><p class=\"stk-block-text__text\">La Fundaci\u00f3n fue constitu\u00edda legalmente el 17 de julio de 2013 y se inscrib\u00f3 en el Registro de Fundaciones de la Generalitat de Catalu\u00f1a con fecha 14 de octubre de 2015, con el n\u00famero 2918. En el a\u00f1o 2016 se incorporan a la Fundaci\u00f3n la Universidad Aut\u00f3noma de Barcelona y la Universidad Internacional de Catalunya, y en junio de 2018, la Universidad de Andorra. El Patronato de la F. InterAc Salud aprob\u00f3, el 14 de junio de 2019, la incorporaci\u00f3n de la Universidad Ramon Llull, la Universidad de Deusto y la Universidad Pompeu Fabra y, el 21 de febrero de 2020, la de la Universidad Oberta de Catalunya y la de la Universidad de les Illes Balears. En febrero de 2023, se incorpora la Universidad de Barcelona. <br\/>Referencia Bibliogr\u00e1fica. Art\u00edculo del Libro de la Acad\u00e8mia dedicado a la F. InterAc Salut. (<a rel=\"noreferrer noopener\" href=\"https:\/\/institucional.academia.cat\/programa-actes-150-documents\" target=\"_blank\">P\u00e1gina 283<\/a>)<\/p><\/div>\n<\/div>\n\n<div style=\"height:100px\" aria-hidden=\"true\" class=\"wp-block-spacer\"><\/div>\n","protected":false},"excerpt":{"rendered":"<p>Historia Historia de la F. InterAc Salut La Fundaci\u00f3n InterAc Salut -F. InterAc Salut- es una entidad independiente, fundada por iniciativa de la Acad\u00e8mia de Ci\u00e8ncies M\u00e8diques i de la [&hellip;]<\/p>\n","protected":false},"author":1,"featured_media":0,"parent":0,"menu_order":0,"comment_status":"closed","ping_status":"closed","template":"","meta":{"_acf_changed":false,"site-sidebar-layout":"default","site-content-layout":"","ast-site-content-layout":"default","site-content-style":"default","site-sidebar-style":"default","ast-global-header-display":"","ast-banner-title-visibility":"","ast-main-header-display":"","ast-hfb-above-header-display":"","ast-hfb-below-header-display":"","ast-hfb-mobile-header-display":"","site-post-title":"disabled","ast-breadcrumbs-content":"","ast-featured-img":"","footer-sml-layout":"","theme-transparent-header-meta":"","adv-header-id-meta":"","stick-header-meta":"","header-above-stick-meta":"","header-main-stick-meta":"","header-below-stick-meta":"","astra-migrate-meta-layouts":"default","ast-page-background-enabled":"default","ast-page-background-meta":{"desktop":{"background-color":"var(--ast-global-color-4)","background-image":"","background-repeat":"repeat","background-position":"center center","background-size":"auto","background-attachment":"scroll","background-type":"","background-media":"","overlay-type":"","overlay-color":"","overlay-opacity":"","overlay-gradient":""},"tablet":{"background-color":"","background-image":"","background-repeat":"repeat","background-position":"center center","background-size":"auto","background-attachment":"scroll","background-type":"","background-media":"","overlay-type":"","overlay-color":"","overlay-opacity":"","overlay-gradient":""},"mobile":{"background-color":"","background-image":"","background-repeat":"repeat","background-position":"center center","background-size":"auto","background-attachment":"scroll","background-type":"","background-media":"","overlay-type":"","overlay-color":"","overlay-opacity":"","overlay-gradient":""}},"ast-content-background-meta":{"desktop":{"background-color":"var(--ast-global-color-5)","background-image":"","background-repeat":"repeat","background-position":"center center","background-size":"auto","background-attachment":"scroll","background-type":"","background-media":"","overlay-type":"","overlay-color":"","overlay-opacity":"","overlay-gradient":""},"tablet":{"background-color":"var(--ast-global-color-5)","background-image":"","background-repeat":"repeat","background-position":"center center","background-size":"auto","background-attachment":"scroll","background-type":"","background-media":"","overlay-type":"","overlay-color":"","overlay-opacity":"","overlay-gradient":""},"mobile":{"background-color":"var(--ast-global-color-5)","background-image":"","background-repeat":"repeat","background-position":"center center","background-size":"auto","background-attachment":"scroll","background-type":"","background-media":"","overlay-type":"","overlay-color":"","overlay-opacity":"","overlay-gradient":""}},"footnotes":""},"class_list":["post-7494","page","type-page","status-publish","hentry"],"acf":[],"_links":{"self":[{"href":"https:\/\/interacsalut.cat\/es\/wp-json\/wp\/v2\/pages\/7494","targetHints":{"allow":["GET"]}}],"collection":[{"href":"https:\/\/interacsalut.cat\/es\/wp-json\/wp\/v2\/pages"}],"about":[{"href":"https:\/\/interacsalut.cat\/es\/wp-json\/wp\/v2\/types\/page"}],"author":[{"embeddable":true,"href":"https:\/\/interacsalut.cat\/es\/wp-json\/wp\/v2\/users\/1"}],"replies":[{"embeddable":true,"href":"https:\/\/interacsalut.cat\/es\/wp-json\/wp\/v2\/comments?post=7494"}],"version-history":[{"count":10,"href":"https:\/\/interacsalut.cat\/es\/wp-json\/wp\/v2\/pages\/7494\/revisions"}],"predecessor-version":[{"id":9732,"href":"https:\/\/interacsalut.cat\/es\/wp-json\/wp\/v2\/pages\/7494\/revisions\/9732"}],"wp:attachment":[{"href":"https:\/\/interacsalut.cat\/es\/wp-json\/wp\/v2\/media?parent=7494"}],"curies":[{"name":"wp","href":"https:\/\/api.w.org\/{rel}","templated":true}]}}