{"id":15534,"date":"2025-05-05T09:04:27","date_gmt":"2025-05-05T07:04:27","guid":{"rendered":"https:\/\/interacsalut.cat\/mision-vision-objetivos-y-valores\/"},"modified":"2025-05-15T10:23:59","modified_gmt":"2025-05-15T08:23:59","slug":"mision-vision-objetivos-y-valores","status":"publish","type":"page","link":"https:\/\/interacsalut.cat\/es\/mision-vision-objetivos-y-valores\/","title":{"rendered":"Misi\u00f3n, visi\u00f3n, objetivos y valores"},"content":{"rendered":"\n<div class=\"wp-block-stackable-heading alignfull stk-block-heading stk-block-heading--v2 stk-block stk-dae63e8 stk-block-background\" id=\"missio-visio-objectius-i-valors\" data-block-id=\"dae63e8\"><style>.stk-dae63e8 .stk-block-heading__top-line{height:0px !important;margin-bottom:20px !important;}.stk-dae63e8 .stk-block-heading__bottom-line{height:0px !important;margin-top:20px !important;}.stk-dae63e8 {background-color:#006665 !important;}.stk-dae63e8:before{background-color:#006665 !important;}.stk-dae63e8 .stk-block-heading__text{color:var(--ast-global-color-4) !important;}<\/style><div class=\"stk-block-heading__top-line\"><\/div><h2 class=\"stk-block-heading__text has-text-color has-ast-global-color-4-color has-text-align-center stk-block-heading--use-theme-margins\">Misi\u00f3n, visi\u00f3n, objetivos y valores<\/h2><div class=\"stk-block-heading__bottom-line\"><\/div><\/div>\n\n\n\n<div class=\"wp-block-stackable-spacer stk-block-spacer stk--no-padding stk-block stk-5a36323\" data-block-id=\"5a36323\"><style>.stk-5a36323 {height:20px !important;}<\/style><\/div>\n\n\n\n<p>El <strong>Plan Estrat\u00e9gico<\/strong> se alinea con la <strong>misi\u00f3n<\/strong> y la <strong>visi\u00f3n<\/strong> de la entidad para garantizar coherencia y consistencia en las acciones, reforzando los <strong>valores<\/strong> y el prop\u00f3sito que la definen. El Plan orienta la gesti\u00f3n de la organizaci\u00f3n, haci\u00e9ndola m\u00e1s efectiva y alineada con sus prop\u00f3sitos y <strong>objetivos<\/strong>. <br><br>El 18 de febrero de 2025, la Junta del Patronato de la F. InterAc Salut aprob\u00f3 el <strong>Plan Estrat\u00e9gico 2025-2029<\/strong>.<\/p>\n\n\n\n<p>El Plan define <strong>8 ejes de transformaci\u00f3n<\/strong> estrat\u00e9gica que se concretan en <strong>24 acciones transformadoras<\/strong> a desarrollar.<\/p>\n\n\n\n<ul class=\"wp-block-list\">\n<li><a href=\"https:\/\/interacsalut.cat\/wp-content\/uploads\/2025\/05\/MisionVisionValoresObjetivos_InterAc.pdf\" target=\"_blank\" rel=\"noreferrer noopener\">Misi\u00f3n, Visi\u00f3n y Valores F. InterAc Salut<\/a><\/li>\n\n\n\n<li><a href=\"https:\/\/interacsalut.cat\/wp-content\/uploads\/2025\/05\/PLA-ESTRATEGIC-INTERAC-_2025_2029.pdf\" target=\"_blank\" rel=\"noreferrer noopener\">Plan Estrat\u00e9gico F. InterAc Salut 2025-2029<\/a> <\/li>\n<\/ul>\n\n\n\n<p><\/p>\n","protected":false},"excerpt":{"rendered":"<p>Misi\u00f3n, visi\u00f3n, objetivos y valores El Plan Estrat\u00e9gico se alinea con la misi\u00f3n y la visi\u00f3n de la entidad para garantizar coherencia y consistencia en las acciones, reforzando los valores [&hellip;]<\/p>\n","protected":false},"author":1,"featured_media":0,"parent":0,"menu_order":0,"comment_status":"closed","ping_status":"closed","template":"","meta":{"_acf_changed":false,"site-sidebar-layout":"default","site-content-layout":"","ast-site-content-layout":"default","site-content-style":"default","site-sidebar-style":"default","ast-global-header-display":"","ast-banner-title-visibility":"","ast-main-header-display":"","ast-hfb-above-header-display":"","ast-hfb-below-header-display":"","ast-hfb-mobile-header-display":"","site-post-title":"disabled","ast-breadcrumbs-content":"","ast-featured-img":"","footer-sml-layout":"","theme-transparent-header-meta":"","adv-header-id-meta":"","stick-header-meta":"","header-above-stick-meta":"","header-main-stick-meta":"","header-below-stick-meta":"","astra-migrate-meta-layouts":"set","ast-page-background-enabled":"default","ast-page-background-meta":{"desktop":{"background-color":"var(--ast-global-color-4)","background-image":"","background-repeat":"repeat","background-position":"center center","background-size":"auto","background-attachment":"scroll","background-type":"","background-media":"","overlay-type":"","overlay-color":"","overlay-opacity":"","overlay-gradient":""},"tablet":{"background-color":"","background-image":"","background-repeat":"repeat","background-position":"center center","background-size":"auto","background-attachment":"scroll","background-type":"","background-media":"","overlay-type":"","overlay-color":"","overlay-opacity":"","overlay-gradient":""},"mobile":{"background-color":"","background-image":"","background-repeat":"repeat","background-position":"center center","background-size":"auto","background-attachment":"scroll","background-type":"","background-media":"","overlay-type":"","overlay-color":"","overlay-opacity":"","overlay-gradient":""}},"ast-content-background-meta":{"desktop":{"background-color":"var(--ast-global-color-5)","background-image":"","background-repeat":"repeat","background-position":"center center","background-size":"auto","background-attachment":"scroll","background-type":"","background-media":"","overlay-type":"","overlay-color":"","overlay-opacity":"","overlay-gradient":""},"tablet":{"background-color":"var(--ast-global-color-5)","background-image":"","background-repeat":"repeat","background-position":"center center","background-size":"auto","background-attachment":"scroll","background-type":"","background-media":"","overlay-type":"","overlay-color":"","overlay-opacity":"","overlay-gradient":""},"mobile":{"background-color":"var(--ast-global-color-5)","background-image":"","background-repeat":"repeat","background-position":"center center","background-size":"auto","background-attachment":"scroll","background-type":"","background-media":"","overlay-type":"","overlay-color":"","overlay-opacity":"","overlay-gradient":""}},"footnotes":""},"class_list":["post-15534","page","type-page","status-publish","hentry"],"acf":[],"_links":{"self":[{"href":"https:\/\/interacsalut.cat\/es\/wp-json\/wp\/v2\/pages\/15534","targetHints":{"allow":["GET"]}}],"collection":[{"href":"https:\/\/interacsalut.cat\/es\/wp-json\/wp\/v2\/pages"}],"about":[{"href":"https:\/\/interacsalut.cat\/es\/wp-json\/wp\/v2\/types\/page"}],"author":[{"embeddable":true,"href":"https:\/\/interacsalut.cat\/es\/wp-json\/wp\/v2\/users\/1"}],"replies":[{"embeddable":true,"href":"https:\/\/interacsalut.cat\/es\/wp-json\/wp\/v2\/comments?post=15534"}],"version-history":[{"count":7,"href":"https:\/\/interacsalut.cat\/es\/wp-json\/wp\/v2\/pages\/15534\/revisions"}],"predecessor-version":[{"id":15640,"href":"https:\/\/interacsalut.cat\/es\/wp-json\/wp\/v2\/pages\/15534\/revisions\/15640"}],"wp:attachment":[{"href":"https:\/\/interacsalut.cat\/es\/wp-json\/wp\/v2\/media?parent=15534"}],"curies":[{"name":"wp","href":"https:\/\/api.w.org\/{rel}","templated":true}]}}