{"id":14399,"date":"2024-11-21T11:57:34","date_gmt":"2024-11-21T10:57:34","guid":{"rendered":"https:\/\/interacsalut.cat\/?page_id=14399"},"modified":"2024-11-21T12:18:53","modified_gmt":"2024-11-21T11:18:53","slug":"politica-de-venta-cancelacion-devolucion","status":"publish","type":"page","link":"https:\/\/interacsalut.cat\/es\/politica-de-venta-cancelacion-devolucion\/","title":{"rendered":"Pol\u00edtica de venta cancelaci\u00f3n\/devoluci\u00f3n"},"content":{"rendered":"\n<p><\/p>\n\n\n\n<div class=\"wp-block-stackable-heading stk-block-heading stk-block-heading--v2 stk-block stk-0dd5db3\" id=\"politica-de-venta-cancelacion-devolucion\" data-block-id=\"0dd5db3\"><h2 class=\"stk-block-heading__text\">Pol\u00edtica de venta cancelaci\u00f3n\/devoluci\u00f3n<\/h2><\/div>\n\n\n\n<p><strong>Desistimiento de matr\u00edcula\/inscripci\u00f3n<\/strong><\/p>\n\n\n\n<p>El desistimiento consiste en la anulaci\u00f3n total de la matr\u00edcula\/inscripci\u00f3n con derecho a devoluci\u00f3n del importe total abonado siempre que se solicite en los catorce (14) d\u00edas naturales despu\u00e9s de formalizar la matr\u00edcula\/inscripci\u00f3n. Cualquier desistimiento debe tramitarse por escrito en la Secretar\u00eda T\u00e9cnica de la actividad formativa.<\/p>\n\n\n\n<p>Una vez ejercido en tiempo y forma el derecho de desistimiento, se puede volver a solicitar la activaci\u00f3n de la matr\u00edcula\/inscripci\u00f3n.<\/p>\n\n\n\n<p>Consecuencias del ejercicio del derecho de desistimiento<\/p>\n\n\n\n<p>Si ejerce su derecho de desistimiento de la matr\u00edcula\/inscripci\u00f3n, la Entidad proceder\u00e1 a la devoluci\u00f3n, en el plazo m\u00e1ximo de catorce (14) d\u00edas naturales, de todos los pagos que haya efectuado, a contar desde la fecha en que haga la solicitud.<\/p>\n\n\n\n<p>Transcurrido el plazo para ejercer el derecho de desistimiento, las solicitudes de cancelaci\u00f3n de matr\u00edcula\/inscripci\u00f3n se realizar\u00e1n de acuerdo con lo siguiente:<\/p>\n\n\n\n<ul class=\"wp-block-list\">\n<li class=\"llista-politica\">Aviso con antelaci\u00f3n \u2265 a 30 d\u00edas naturales a la fecha de la actividad: devoluci\u00f3n del importe del 100% de la matr\u00edcula\/inscripci\u00f3n.<\/li>\n\n\n\n<li>Aviso con antelaci\u00f3n entre 30 d\u00edas y 15 d\u00edas naturales a la fecha de la actividad: devoluci\u00f3n del importe del 50% de la matr\u00edcula\/inscripci\u00f3n.&nbsp;<\/li>\n\n\n\n<li>Aviso con antelaci\u00f3n \u2264 15 d\u00edas naturales a la fecha de la actividad: no se devolver\u00e1 ning\u00fan importe.<\/li>\n<\/ul>\n\n\n\n<p><strong>Cancelaci\u00f3n curso\/actividades:<\/strong><\/p>\n\n\n\n<p>La Entidad se reserva el derecho a anular una actividad formativa por razones docentes y\/o acad\u00e9micas, con una antelaci\u00f3n m\u00ednima de 3 d\u00edas antes de la fecha de inicio prevista.&nbsp;En este supuesto se devolver\u00e1 el 100% del importe de la matr\u00edcula\/inscripci\u00f3n.<\/p>\n\n\n\n<p><\/p>\n\n\n\n<p><\/p>\n","protected":false},"excerpt":{"rendered":"<p>Pol\u00edtica de venta cancelaci\u00f3n\/devoluci\u00f3n Desistimiento de matr\u00edcula\/inscripci\u00f3n El desistimiento consiste en la anulaci\u00f3n total de la matr\u00edcula\/inscripci\u00f3n con derecho a devoluci\u00f3n del importe total abonado siempre que se solicite en [&hellip;]<\/p>\n","protected":false},"author":1,"featured_media":0,"parent":0,"menu_order":0,"comment_status":"closed","ping_status":"closed","template":"","meta":{"_acf_changed":false,"site-sidebar-layout":"default","site-content-layout":"","ast-site-content-layout":"default","site-content-style":"default","site-sidebar-style":"default","ast-global-header-display":"","ast-banner-title-visibility":"","ast-main-header-display":"","ast-hfb-above-header-display":"","ast-hfb-below-header-display":"","ast-hfb-mobile-header-display":"","site-post-title":"disabled","ast-breadcrumbs-content":"","ast-featured-img":"","footer-sml-layout":"","theme-transparent-header-meta":"","adv-header-id-meta":"","stick-header-meta":"","header-above-stick-meta":"","header-main-stick-meta":"","header-below-stick-meta":"","astra-migrate-meta-layouts":"set","ast-page-background-enabled":"default","ast-page-background-meta":{"desktop":{"background-color":"var(--ast-global-color-4)","background-image":"","background-repeat":"repeat","background-position":"center center","background-size":"auto","background-attachment":"scroll","background-type":"","background-media":"","overlay-type":"","overlay-color":"","overlay-opacity":"","overlay-gradient":""},"tablet":{"background-color":"","background-image":"","background-repeat":"repeat","background-position":"center center","background-size":"auto","background-attachment":"scroll","background-type":"","background-media":"","overlay-type":"","overlay-color":"","overlay-opacity":"","overlay-gradient":""},"mobile":{"background-color":"","background-image":"","background-repeat":"repeat","background-position":"center center","background-size":"auto","background-attachment":"scroll","background-type":"","background-media":"","overlay-type":"","overlay-color":"","overlay-opacity":"","overlay-gradient":""}},"ast-content-background-meta":{"desktop":{"background-color":"var(--ast-global-color-5)","background-image":"","background-repeat":"repeat","background-position":"center center","background-size":"auto","background-attachment":"scroll","background-type":"","background-media":"","overlay-type":"","overlay-color":"","overlay-opacity":"","overlay-gradient":""},"tablet":{"background-color":"var(--ast-global-color-5)","background-image":"","background-repeat":"repeat","background-position":"center center","background-size":"auto","background-attachment":"scroll","background-type":"","background-media":"","overlay-type":"","overlay-color":"","overlay-opacity":"","overlay-gradient":""},"mobile":{"background-color":"var(--ast-global-color-5)","background-image":"","background-repeat":"repeat","background-position":"center center","background-size":"auto","background-attachment":"scroll","background-type":"","background-media":"","overlay-type":"","overlay-color":"","overlay-opacity":"","overlay-gradient":""}},"footnotes":""},"class_list":["post-14399","page","type-page","status-publish","hentry"],"acf":[],"_links":{"self":[{"href":"https:\/\/interacsalut.cat\/es\/wp-json\/wp\/v2\/pages\/14399","targetHints":{"allow":["GET"]}}],"collection":[{"href":"https:\/\/interacsalut.cat\/es\/wp-json\/wp\/v2\/pages"}],"about":[{"href":"https:\/\/interacsalut.cat\/es\/wp-json\/wp\/v2\/types\/page"}],"author":[{"embeddable":true,"href":"https:\/\/interacsalut.cat\/es\/wp-json\/wp\/v2\/users\/1"}],"replies":[{"embeddable":true,"href":"https:\/\/interacsalut.cat\/es\/wp-json\/wp\/v2\/comments?post=14399"}],"version-history":[{"count":5,"href":"https:\/\/interacsalut.cat\/es\/wp-json\/wp\/v2\/pages\/14399\/revisions"}],"predecessor-version":[{"id":14420,"href":"https:\/\/interacsalut.cat\/es\/wp-json\/wp\/v2\/pages\/14399\/revisions\/14420"}],"wp:attachment":[{"href":"https:\/\/interacsalut.cat\/es\/wp-json\/wp\/v2\/media?parent=14399"}],"curies":[{"name":"wp","href":"https:\/\/api.w.org\/{rel}","templated":true}]}}