{"id":10831,"date":"2022-10-06T14:34:27","date_gmt":"2022-10-06T12:34:27","guid":{"rendered":"https:\/\/interacsalut.cat\/scientific-council\/"},"modified":"2025-07-29T15:00:48","modified_gmt":"2025-07-29T13:00:48","slug":"scientific-council","status":"publish","type":"page","link":"https:\/\/interacsalut.cat\/en\/scientific-council\/","title":{"rendered":"Scientific Council"},"content":{"rendered":"\n<div class=\"wp-block-stackable-heading alignfull stk-block-heading stk-block-heading--v2 stk-block stk-dae63e8 stk-block-background\" id=\"organs-de-govern-i-gestio\" data-block-id=\"dae63e8\"><style>.stk-dae63e8 .stk-block-heading__top-line{height:0px !important;margin-bottom:20px !important;}.stk-dae63e8 .stk-block-heading__bottom-line{height:0px !important;margin-top:20px !important;}.stk-dae63e8 {background-color:#206665 !important;}.stk-dae63e8:before{background-color:#206665 !important;}.stk-dae63e8 .stk-block-heading__text{color:var(--ast-global-color-4) !important;}<\/style><div class=\"stk-block-heading__top-line\"><\/div><h2 class=\"stk-block-heading__text has-text-color has-ast-global-color-4-color has-text-align-center stk-block-heading--use-theme-margins\">Goverment and managing bodies<\/h2><div class=\"stk-block-heading__bottom-line\"><\/div><\/div>\n\n<div class=\"wp-block-stackable-heading stk-block-heading stk-block-heading--v2 stk-block stk-5e8b561\" id=\"strong-consell-cientific-strong\" data-block-id=\"5e8b561\"><style>.stk-5e8b561 .stk-block-heading__bottom-line{height:4px !important;width:40px !important;background-color:var(--ast-global-color-1) !important;margin-top:5px !important;}<\/style><h3 class=\"stk-block-heading__text stk-block-heading--use-theme-margins\"><strong>Scientific Council<\/strong><\/h3><div class=\"stk-block-heading__bottom-line\"><\/div><\/div>\n\n<div class=\"wp-block-stackable-text stk-block-text stk-block stk-532083c\" data-block-id=\"532083c\"><p class=\"stk-block-text__text\">The Scientific Council manages all activities related to the monitoring and quality control of activities of InterAc Salut Foundation. In particular, its specific functions are as follows:<\/p><\/div>\n\n<div class=\"wp-block-stackable-icon-list stk-block-icon-list stk-block stk-28685f7\" data-block-id=\"28685f7\"><style>.stk-28685f7 .stk-block-icon-list-item__content{gap:4px !important;align-items:baseline !important;}.stk-28685f7 {--stk-icon-list-row-gap:10px !important;--stk-icon-list-marker-color:var(--ast-global-color-1) !important;--stk-icon-list-icon-size:9.25px !important;margin-bottom:0px !important;}<\/style><svg style=\"display:none\"><defs><g id=\"stk-icon-list__icon-svg-def-28685f7\"><\/g><\/defs><\/svg><div class=\"stk-block-icon-list__ul stk-block-icon-list--column\"><ul class=\"stk-block-icon-list__group\">\n<li class=\"wp-block-stackable-icon-list-item stk-block-icon-list-item stk-block stk-0f40dd1\" data-block-id=\"0f40dd1\"><div class=\"stk-block-icon-list-item__content\"><span class=\"stk--svg-wrapper\"><div class=\"stk--inner-svg\"><svg aria-hidden=\"true\" width=\"32\" height=\"32\"><use xlink:href=\"#stk-icon-list__icon-svg-def-28685f7\"\/><\/svg><\/div><\/span><span class=\"stk-block-icon-list-item__text\">Suggesting the curriculum<\/span><\/div><\/li>\n\n\n\n<li class=\"wp-block-stackable-icon-list-item stk-block-icon-list-item stk-block stk-b69b772\" data-block-id=\"b69b772\"><div class=\"stk-block-icon-list-item__content\"><span class=\"stk--svg-wrapper\"><div class=\"stk--inner-svg\"><svg aria-hidden=\"true\" width=\"32\" height=\"32\"><use xlink:href=\"#stk-icon-list__icon-svg-def-28685f7\"\/><\/svg><\/div><\/span><span class=\"stk-block-icon-list-item__text\">Suggesting the structure of thematic research lines and their coordinators.<\/span><\/div><\/li>\n\n\n\n<li class=\"wp-block-stackable-icon-list-item stk-block-icon-list-item stk-block stk-22ef1fe\" data-block-id=\"22ef1fe\"><div class=\"stk-block-icon-list-item__content\"><span class=\"stk--svg-wrapper\"><div class=\"stk--inner-svg\"><svg aria-hidden=\"true\" width=\"32\" height=\"32\"><use xlink:href=\"#stk-icon-list__icon-svg-def-28685f7\"\/><\/svg><\/div><\/span><span class=\"stk-block-icon-list-item__text\">Coordinating the activities which are organised in conjunction with universities.<\/span><\/div><\/li>\n\n\n\n<li class=\"wp-block-stackable-icon-list-item stk-block-icon-list-item stk-block stk-73d2a2e\" data-block-id=\"73d2a2e\"><div class=\"stk-block-icon-list-item__content\"><span class=\"stk--svg-wrapper\"><div class=\"stk--inner-svg\"><svg aria-hidden=\"true\" width=\"32\" height=\"32\"><use xlink:href=\"#stk-icon-list__icon-svg-def-28685f7\"\/><\/svg><\/div><\/span><span class=\"stk-block-icon-list-item__text\">In general, all those activities related to the monitoring and guarantee of academic excellence of the activities of the F. InterAc Salut.<\/span><\/div><\/li>\n<\/ul><\/div><\/div>\n\n<div class=\"wp-block-stackable-heading stk-block-heading stk-block-heading--v2 stk-block stk-3795b0a\" id=\"composen-el-consell-cientific\" data-block-id=\"3795b0a\"><h4 class=\"stk-block-heading__text stk-block-heading--use-theme-margins\">Members:<\/h4><\/div>\n\n<div class=\"wp-block-stackable-icon-list stk-block-icon-list stk-block stk-7d7f0c9\" data-block-id=\"7d7f0c9\"><style>.stk-7d7f0c9 .stk-block-icon-list-item__content{gap:4px !important;align-items:baseline !important;}.stk-7d7f0c9 {--stk-icon-list-row-gap:10px !important;--stk-icon-list-marker-color:var(--ast-global-color-1) !important;--stk-icon-list-icon-size:19.2px !important;}<\/style><div class=\"stk-block-icon-list__ol stk-block-icon-list--column\"><ol class=\"stk-block-icon-list__group\">\n<li class=\"wp-block-stackable-icon-list-item stk-block-icon-list-item stk-block stk-d4823d6\" data-block-id=\"d4823d6\"><div class=\"stk-block-icon-list-item__content\"><span class=\"stk-block-icon-list-item__marker\" aria-hidden=\"true\"><\/span><span class=\"stk-block-icon-list-item__text\">The Teaching Director of the F. InterAc Salut, who will chair the Scientific Council<\/span><\/div><\/li>\n\n\n\n<li class=\"wp-block-stackable-icon-list-item stk-block-icon-list-item stk-block stk-7fcf743\" data-block-id=\"7fcf743\"><div class=\"stk-block-icon-list-item__content\"><span class=\"stk-block-icon-list-item__marker\" aria-hidden=\"true\"><\/span><span class=\"stk-block-icon-list-item__text\">One representative, appointed by the Chancellor, from each of the universities that form part of the Board<\/span><\/div><\/li>\n<\/ol><\/div><\/div>\n\n<div class=\"wp-block-getwid-accordion has-icon-left\" data-active-element=\"none\">\n<div class=\"wp-block-getwid-accordion__header-wrapper\"><span class=\"wp-block-getwid-accordion__header\"><a href=\"#\"><span class=\"wp-block-getwid-accordion__header-title\">DIRECCI\u00d3  DOCENT<\/span><span class=\"wp-block-getwid-accordion__icon is-active\"><i class=\"fas fa-angle-down\"><\/i><\/span><span class=\"wp-block-getwid-accordion__icon is-passive\"><i class=\"fas fa-angle-up\"><\/i><\/span><\/a><\/span><\/div><div class=\"wp-block-getwid-accordion__content-wrapper\"><div class=\"wp-block-getwid-accordion__content\">\n<div class=\"inherit-container-width wp-block-group is-layout-constrained wp-block-group-is-layout-constrained\">\n<div class=\"wp-block-stackable-heading stk-block-heading stk-block-heading--v2 stk-block stk-5e81ade\" id=\"rosa-m-villalonga-vadell\" data-block-id=\"5e81ade\"><style>.stk-5e81ade {margin-bottom:10px !important;}<\/style><h4 class=\"stk-block-heading__text stk-block-heading--use-theme-margins\">Rosa M. Villalonga Vadell<\/h4><\/div>\n\n\n\n<div class=\"wp-block-stackable-columns stk-block-columns stk-block stk-8d3b3f6\" data-block-id=\"8d3b3f6\"><div class=\"stk-row stk-inner-blocks stk-block-content stk-content-align stk-8d3b3f6-column\">\n<div class=\"wp-block-stackable-column stk-block-column stk-column stk-block stk-26807e1\" data-v=\"4\" data-block-id=\"26807e1\"><style>@media screen and (min-width: 768px){.stk-26807e1 {flex:var(--stk-flex-grow, 1) 1 calc(25% - var(--stk-column-gap, 0px) * 1 \/ 2 ) !important;}}<\/style><div class=\"stk-column-wrapper stk-block-column__content stk-container stk-26807e1-container stk--no-background stk--no-padding\"><div class=\"stk-block-content stk-inner-blocks stk-26807e1-inner-blocks\">\n<div class=\"wp-block-stackable-image aligncenter stk-block-image stk-block stk-f38a14a\" data-block-id=\"f38a14a\"><figure><span class=\"stk-img-wrapper stk-image--shape-stretch\"><img loading=\"lazy\" decoding=\"async\" class=\"stk-img wp-image-5347\" src=\"https:\/\/interacsalut.cat\/wp-content\/uploads\/2023\/03\/Captura-de-pantalla-2023-03-07-144712-1.png\" width=\"121\" height=\"128\" alt=\"Teaching Director: Rosa Maria Villalonga Vadell\" srcset=\"https:\/\/interacsalut.cat\/wp-content\/uploads\/2023\/03\/Captura-de-pantalla-2023-03-07-144712-1.png 121w, https:\/\/interacsalut.cat\/wp-content\/uploads\/2023\/03\/Captura-de-pantalla-2023-03-07-144712-1-24x24.png 24w, https:\/\/interacsalut.cat\/wp-content\/uploads\/2023\/03\/Captura-de-pantalla-2023-03-07-144712-1-34x36.png 34w, https:\/\/interacsalut.cat\/wp-content\/uploads\/2023\/03\/Captura-de-pantalla-2023-03-07-144712-1-45x48.png 45w\" sizes=\"auto, (max-width: 121px) 100vw, 121px\" \/><\/span><\/figure><\/div>\n\n\n\n<p class=\"has-text-align-center\">Teaching Director<br\/>Fundaci\u00f3 InterAc Salut<\/p>\n<\/div><\/div><\/div>\n\n\n\n<div class=\"wp-block-stackable-column stk-block-column stk-column stk-block stk-c51ef6e\" data-v=\"4\" data-block-id=\"c51ef6e\"><style>@media screen and (min-width: 768px){.stk-c51ef6e {flex:var(--stk-flex-grow, 1) 1 calc(75% - var(--stk-column-gap, 0px) * 1 \/ 2 ) !important;}}<\/style><div class=\"stk-column-wrapper stk-block-column__content stk-container stk-c51ef6e-container stk--no-background stk--no-padding\"><div class=\"stk-block-content stk-inner-blocks stk-c51ef6e-inner-blocks\">\n<p>(Palma de Mallorca, 1953), specialist in Anesthesiology and Resuscitation. Medical teaching coordinator at the Bellvitge University Hospital (2007-2018). Coordinator of the Master in Advanced Medical Compet\u00e8ncies Faculty of Medicine UB. (2012-2014). Responsible for the COMBELL Teaching Innovation Consolidated Group (GCID). UB. (2013-2018). President of the Teaching Innovation Commission. Campus de Bellvitge. Faculty of Medicine UB (2013-2018). Member of the UB Teaching Innovation Evaluation Commission (CAIDUB) (2017-2018). Member of the Chair of Medical Education. Universitat de Vic-Universitat Central de Catalunya. Medicine Department Faculty of Medicine from 2018.<\/p>\n\n\n\n<p>President of the Catalan Society of Anesthesiology, Reanimation and Pain Therapy (SCARTD) (2017-2021). President of the National Commission of Anesthesiology and Reanimation. Ministerio de Sanidad, Servicios Sociales e Igualdad from 2020 until 31\/12\/2024. Coordinator of the International Cooperation Working Group of the Spanish Society of Anesthesiology, Reanimation and Pain Therapy (SEDAR), since 2021.<\/p>\n<\/div><\/div><\/div>\n<\/div><\/div>\n\n\n\n<div class=\"wp-block-stackable-spacer stk-block-spacer stk--no-padding stk-block stk-50f2912\" data-block-id=\"50f2912\"><style>.stk-50f2912 {height:30px !important;}<\/style><\/div>\n<\/div>\n<\/div><\/div>\n\n\n\n<div class=\"wp-block-getwid-accordion__header-wrapper\"><span class=\"wp-block-getwid-accordion__header\"><a href=\"#\"><span class=\"wp-block-getwid-accordion__header-title\">MEMBRES<\/span><span class=\"wp-block-getwid-accordion__icon is-active\"><i class=\"fas fa-angle-down\"><\/i><\/span><span class=\"wp-block-getwid-accordion__icon is-passive\"><i class=\"fas fa-angle-up\"><\/i><\/span><\/a><\/span><\/div><div class=\"wp-block-getwid-accordion__content-wrapper\"><div class=\"wp-block-getwid-accordion__content\">\n<div class=\"inherit-container-width wp-block-group is-layout-constrained wp-block-group-is-layout-constrained\">\n<div class=\"wp-block-stackable-heading stk-block-heading stk-block-heading--v2 stk-block stk-89c52ef\" id=\"alexandre-perera-lluna\" data-block-id=\"89c52ef\"><style>.stk-89c52ef {margin-bottom:10px !important;}<\/style><h4 class=\"stk-block-heading__text stk-block-heading--use-theme-margins\">Alexandre Perera Lluna<\/h4><\/div>\n\n\n\n<p>Centre de Recerca en Enginyeria Biom\u00e8dica (CREB)<br\/>B2SLab &#8211; Bioinformatics and Biomedical Signals Laboratory<br\/>Universitat Polit\u00e8cnica de Catalunya<\/p>\n\n\n\n<div class=\"wp-block-stackable-spacer stk-block-spacer stk--no-padding stk-block stk-978dafa\" data-block-id=\"978dafa\"><style>.stk-978dafa {height:30px !important;}<\/style><\/div>\n<\/div>\n\n\n\n<div class=\"inherit-container-width wp-block-group is-layout-constrained wp-block-group-is-layout-constrained\">\n<div class=\"wp-block-stackable-heading stk-block-heading stk-block-heading--v2 stk-block stk-9cf4d2b\" id=\"jose-manuel-fernandez-real-lemos\" data-block-id=\"9cf4d2b\"><style>.stk-9cf4d2b {margin-bottom:10px !important;}<\/style><h4 class=\"stk-block-heading__text stk-block-heading--use-theme-margins\">Jose Manuel Fern\u00e1ndez &#8211; Real Lemos<\/h4><\/div>\n\n\n\n<p>Dean Faculty of Medicine<br\/>Universitat de Girona<\/p>\n\n\n\n<div class=\"wp-block-stackable-spacer stk-block-spacer stk--no-padding stk-block stk-7266f30\" data-block-id=\"7266f30\"><style>.stk-7266f30 {height:30px !important;}<\/style><\/div>\n<\/div>\n\n\n\n<div class=\"inherit-container-width wp-block-group is-layout-constrained wp-block-group-is-layout-constrained\">\n<div class=\"wp-block-stackable-heading stk-block-heading stk-block-heading--v2 stk-block stk-b035c81\" id=\"anna-casanovas-llorens\" data-block-id=\"b035c81\"><style>.stk-b035c81 {margin-bottom:10px !important;}<\/style><h4 class=\"stk-block-heading__text stk-block-heading--use-theme-margins\">Anna Casanovas Llorens<\/h4><\/div>\n\n\n\n<p>Dean Faculty of Medicine<br\/>Universitat de Lleida<\/p>\n\n\n\n<div class=\"wp-block-stackable-spacer stk-block-spacer stk--no-padding stk-block stk-500283a\" data-block-id=\"500283a\"><style>.stk-500283a {height:30px !important;}<\/style><\/div>\n<\/div>\n\n\n\n<div class=\"inherit-container-width wp-block-group is-layout-constrained wp-block-group-is-layout-constrained\">\n<div class=\"wp-block-stackable-heading stk-block-heading stk-block-heading--v2 stk-block stk-83a775f\" id=\"fatima-sabench-pereferrer\" data-block-id=\"83a775f\"><style>.stk-83a775f {margin-bottom:10px !important;}<\/style><h4 class=\"stk-block-heading__text stk-block-heading--use-theme-margins\">F\u00e0tima Sabench Pereferrer<\/h4><\/div>\n\n\n\n<p>Dean Faculty of Medicine<br\/>Universitat Rovira i Virgili<\/p>\n\n\n\n<div class=\"wp-block-stackable-spacer stk-block-spacer stk--no-padding stk-block stk-925d9aa\" data-block-id=\"925d9aa\"><style>.stk-925d9aa {height:30px !important;}<\/style><\/div>\n<\/div>\n\n\n\n<div class=\"inherit-container-width wp-block-group is-layout-constrained wp-block-group-is-layout-constrained\">\n<div class=\"wp-block-stackable-heading stk-block-heading stk-block-heading--v2 stk-block stk-8886c9a\" id=\"roberto-elosua-llanos\" data-block-id=\"8886c9a\"><style>.stk-8886c9a {margin-bottom:10px !important;}<\/style><h4 class=\"stk-block-heading__text stk-block-heading--use-theme-margins\">Roberto Elosua Llanos<\/h4><\/div>\n\n\n\n<p>Dean Faculty of Medicine<\/p>\n\n\n\n<p>Universitat de Vic &#8211; Universitat Central de Catalunya<\/p>\n\n\n\n<div class=\"wp-block-stackable-spacer stk-block-spacer stk--no-padding stk-block stk-e32de83\" data-block-id=\"e32de83\"><style>.stk-e32de83 {height:30px !important;}<\/style><\/div>\n<\/div>\n\n\n\n<div class=\"inherit-container-width wp-block-group is-layout-constrained wp-block-group-is-layout-constrained\">\n<div class=\"wp-block-stackable-heading stk-block-heading stk-block-heading--v2 stk-block stk-961ba5c\" id=\"salvador-navarro-soto\" data-block-id=\"961ba5c\"><style>.stk-961ba5c {margin-bottom:10px !important;}<\/style><h4 class=\"stk-block-heading__text stk-block-heading--use-theme-margins\">Salvador Navarro Soto<\/h4><\/div>\n\n\n\n<p>Dean Faculty of Medicine<br\/>Universitat Aut\u00f2noma de Barcelona<\/p>\n\n\n\n<div class=\"wp-block-stackable-spacer stk-block-spacer stk--no-padding stk-block stk-cf6e457\" data-block-id=\"cf6e457\"><style>.stk-cf6e457 {height:30px !important;}<\/style><\/div>\n<\/div>\n\n\n\n<div class=\"inherit-container-width wp-block-group is-layout-constrained wp-block-group-is-layout-constrained\">\n<div class=\"wp-block-stackable-heading stk-block-heading stk-block-heading--v2 stk-block stk-593a81b\" id=\"albert-balaguer-santamaria\" data-block-id=\"593a81b\"><style>.stk-593a81b {margin-bottom:10px !important;}<\/style><h4 class=\"stk-block-heading__text stk-block-heading--use-theme-margins\">Albert Balaguer Santamar\u00eda<\/h4><\/div>\n\n\n\n<p>Universitat Internacional de Catalunya<\/p>\n\n\n\n<div class=\"wp-block-stackable-spacer stk-block-spacer stk--no-padding stk-block stk-8cd3490\" data-block-id=\"8cd3490\"><style>.stk-8cd3490 {height:30px !important;}<\/style><\/div>\n<\/div>\n\n\n\n<div class=\"inherit-container-width wp-block-group is-layout-constrained wp-block-group-is-layout-constrained\">\n<div class=\"wp-block-stackable-heading stk-block-heading stk-block-heading--v2 stk-block stk-2cb5050\" id=\"sara-esque-boldu\" data-block-id=\"2cb5050\"><style>.stk-2cb5050 {margin-bottom:10px !important;}<\/style><h4 class=\"stk-block-heading__text stk-block-heading--use-theme-margins\">Sara Esqu\u00e9 Bold\u00fa<\/h4><\/div>\n\n\n\n<p>Universitat d&#8217;Andorra<\/p>\n\n\n\n<div class=\"wp-block-stackable-spacer stk-block-spacer stk--no-padding stk-block stk-508f5d5\" data-block-id=\"508f5d5\"><style>.stk-508f5d5 {height:30px !important;}<\/style><\/div>\n<\/div>\n\n\n\n<div class=\"inherit-container-width wp-block-group is-layout-constrained wp-block-group-is-layout-constrained\">\n<div class=\"wp-block-stackable-heading stk-block-heading stk-block-heading--v2 stk-block stk-4555ef4\" id=\"montserrat-esquerda-areste\" data-block-id=\"4555ef4\"><style>.stk-4555ef4 {margin-bottom:10px !important;}<\/style><h4 class=\"stk-block-heading__text stk-block-heading--use-theme-margins\">Montserrat Esquerda Areste<\/h4><\/div>\n\n\n\n<p>Dean Faculty of Health Sciences<br\/>Universitat Ramon Llull<\/p>\n\n\n\n<div class=\"wp-block-stackable-spacer stk-block-spacer stk--no-padding stk-block stk-00263ff\" data-block-id=\"00263ff\"><style>.stk-00263ff {height:30px !important;}<\/style><\/div>\n<\/div>\n\n\n\n<div class=\"inherit-container-width wp-block-group is-layout-constrained wp-block-group-is-layout-constrained\">\n<div class=\"wp-block-stackable-heading stk-block-heading stk-block-heading--v2 stk-block stk-18c5ad1\" id=\"jesus-maria-armentia-bardeci\" data-block-id=\"18c5ad1\"><style>.stk-18c5ad1 {margin-bottom:10px !important;}<\/style><h4 class=\"stk-block-heading__text stk-block-heading--use-theme-margins\">Jes\u00fas Mar\u00eda Armentia Bardeci<\/h4><\/div>\n\n\n\n<p>Teacher Faculty of Medicine<br\/>Universidad de Deusto<\/p>\n\n\n\n<div class=\"wp-block-stackable-spacer stk-block-spacer stk--no-padding stk-block stk-0da71f2\" data-block-id=\"0da71f2\"><style>.stk-0da71f2 {height:30px !important;}<\/style><\/div>\n<\/div>\n\n\n\n<div class=\"inherit-container-width wp-block-group is-layout-constrained wp-block-group-is-layout-constrained\">\n<div class=\"wp-block-stackable-heading stk-block-heading stk-block-heading--v2 stk-block stk-224811d\" id=\"joan-ramon-masclans-enviz\" data-block-id=\"224811d\"><style>.stk-224811d {margin-bottom:10px !important;}<\/style><h4 class=\"stk-block-heading__text stk-block-heading--use-theme-margins\">Joan Ramon Masclans Enviz<\/h4><\/div>\n\n\n\n<p>Dean Faculty of Health Sciences<br\/>Universitat Pompeu Fabra<\/p>\n\n\n\n<div class=\"wp-block-stackable-spacer stk-block-spacer stk--no-padding stk-block stk-3b06842\" data-block-id=\"3b06842\"><style>.stk-3b06842 {height:30px !important;}<\/style><\/div>\n<\/div>\n\n\n\n<div class=\"inherit-container-width wp-block-group is-layout-constrained wp-block-group-is-layout-constrained\">\n<div class=\"wp-block-stackable-heading stk-block-heading stk-block-heading--v2 stk-block stk-d6be953\" id=\"marco-inzitari\" data-block-id=\"d6be953\"><style>.stk-d6be953 {margin-bottom:10px !important;}<\/style><h4 class=\"stk-block-heading__text stk-block-heading--use-theme-margins\">Marco Inzitari<\/h4><\/div>\n\n\n\n<p>Professor of Health Sciences Studies <\/p>\n\n\n\n<p>Universitat Oberta de Catalunya<\/p>\n\n\n\n<div class=\"wp-block-stackable-spacer stk-block-spacer stk--no-padding stk-block stk-3ddeae0\" data-block-id=\"3ddeae0\"><style>.stk-3ddeae0 {height:30px !important;}<\/style><\/div>\n<\/div>\n\n\n\n<div class=\"inherit-container-width wp-block-group is-layout-constrained wp-block-group-is-layout-constrained\">\n<div class=\"wp-block-stackable-heading stk-block-heading stk-block-heading--v2 stk-block stk-8851165\" id=\"antoni-bennasar-figueras\" data-block-id=\"8851165\"><style>.stk-8851165 {margin-bottom:10px !important;}<\/style><h4 class=\"stk-block-heading__text stk-block-heading--use-theme-margins\">Antoni Benn\u00e0sar Figueras<\/h4><\/div>\n\n\n\n<p>Dean Faculty of Medicine<br\/>Universitat Illes Balears<\/p>\n\n\n\n<p><\/p>\n\n\n\n<div class=\"wp-block-stackable-heading stk-block-heading stk-block-heading--v2 stk-block stk-40bc4b0\" id=\"marius-dominguez-amoros\" data-block-id=\"40bc4b0\"><h4 class=\"stk-block-heading__text\">M\u00e0rius Dom\u00ednguez Amor\u00f3s<\/h4><\/div>\n\n\n\n<p>Vicerector de Formaci\u00f3 Permanent i Professional<br\/>Universitat de Barcelona<\/p>\n\n\n\n<div class=\"wp-block-stackable-spacer stk-block-spacer stk--no-padding stk-block stk-52fc7d1\" data-block-id=\"52fc7d1\"><style>.stk-52fc7d1 {height:30px !important;}<\/style><\/div>\n<\/div>\n<\/div><\/div>\n<\/div>\n\n<div style=\"height:100px\" aria-hidden=\"true\" class=\"wp-block-spacer\"><\/div>\n\n<p><\/p>\n","protected":false},"excerpt":{"rendered":"<p>Goverment and managing bodies Scientific Council The Scientific Council manages all activities related to the monitoring and quality control of activities of InterAc Salut Foundation. In particular, its specific functions [&hellip;]<\/p>\n","protected":false},"author":1,"featured_media":0,"parent":0,"menu_order":0,"comment_status":"closed","ping_status":"closed","template":"","meta":{"_acf_changed":false,"site-sidebar-layout":"default","site-content-layout":"","ast-site-content-layout":"default","site-content-style":"default","site-sidebar-style":"default","ast-global-header-display":"","ast-banner-title-visibility":"","ast-main-header-display":"","ast-hfb-above-header-display":"","ast-hfb-below-header-display":"","ast-hfb-mobile-header-display":"","site-post-title":"disabled","ast-breadcrumbs-content":"","ast-featured-img":"","footer-sml-layout":"","theme-transparent-header-meta":"","adv-header-id-meta":"","stick-header-meta":"","header-above-stick-meta":"","header-main-stick-meta":"","header-below-stick-meta":"","astra-migrate-meta-layouts":"default","ast-page-background-enabled":"default","ast-page-background-meta":{"desktop":{"background-color":"var(--ast-global-color-4)","background-image":"","background-repeat":"repeat","background-position":"center center","background-size":"auto","background-attachment":"scroll","background-type":"","background-media":"","overlay-type":"","overlay-color":"","overlay-opacity":"","overlay-gradient":""},"tablet":{"background-color":"","background-image":"","background-repeat":"repeat","background-position":"center center","background-size":"auto","background-attachment":"scroll","background-type":"","background-media":"","overlay-type":"","overlay-color":"","overlay-opacity":"","overlay-gradient":""},"mobile":{"background-color":"","background-image":"","background-repeat":"repeat","background-position":"center center","background-size":"auto","background-attachment":"scroll","background-type":"","background-media":"","overlay-type":"","overlay-color":"","overlay-opacity":"","overlay-gradient":""}},"ast-content-background-meta":{"desktop":{"background-color":"var(--ast-global-color-5)","background-image":"","background-repeat":"repeat","background-position":"center center","background-size":"auto","background-attachment":"scroll","background-type":"","background-media":"","overlay-type":"","overlay-color":"","overlay-opacity":"","overlay-gradient":""},"tablet":{"background-color":"var(--ast-global-color-5)","background-image":"","background-repeat":"repeat","background-position":"center center","background-size":"auto","background-attachment":"scroll","background-type":"","background-media":"","overlay-type":"","overlay-color":"","overlay-opacity":"","overlay-gradient":""},"mobile":{"background-color":"var(--ast-global-color-5)","background-image":"","background-repeat":"repeat","background-position":"center center","background-size":"auto","background-attachment":"scroll","background-type":"","background-media":"","overlay-type":"","overlay-color":"","overlay-opacity":"","overlay-gradient":""}},"footnotes":""},"class_list":["post-10831","page","type-page","status-publish","hentry"],"acf":[],"_links":{"self":[{"href":"https:\/\/interacsalut.cat\/en\/wp-json\/wp\/v2\/pages\/10831","targetHints":{"allow":["GET"]}}],"collection":[{"href":"https:\/\/interacsalut.cat\/en\/wp-json\/wp\/v2\/pages"}],"about":[{"href":"https:\/\/interacsalut.cat\/en\/wp-json\/wp\/v2\/types\/page"}],"author":[{"embeddable":true,"href":"https:\/\/interacsalut.cat\/en\/wp-json\/wp\/v2\/users\/1"}],"replies":[{"embeddable":true,"href":"https:\/\/interacsalut.cat\/en\/wp-json\/wp\/v2\/comments?post=10831"}],"version-history":[{"count":5,"href":"https:\/\/interacsalut.cat\/en\/wp-json\/wp\/v2\/pages\/10831\/revisions"}],"predecessor-version":[{"id":17025,"href":"https:\/\/interacsalut.cat\/en\/wp-json\/wp\/v2\/pages\/10831\/revisions\/17025"}],"wp:attachment":[{"href":"https:\/\/interacsalut.cat\/en\/wp-json\/wp\/v2\/media?parent=10831"}],"curies":[{"name":"wp","href":"https:\/\/api.w.org\/{rel}","templated":true}]}}