{"id":10829,"date":"2022-10-06T07:43:07","date_gmt":"2022-10-06T05:43:07","guid":{"rendered":"https:\/\/interacsalut.cat\/financial-status-and-economic-results\/"},"modified":"2024-03-01T10:12:56","modified_gmt":"2024-03-01T09:12:56","slug":"financial-status-and-economic-results","status":"publish","type":"page","link":"https:\/\/interacsalut.cat\/en\/financial-status-and-economic-results\/","title":{"rendered":"Financial status and economic results"},"content":{"rendered":"\n<div class=\"wp-block-stackable-heading alignfull stk-block-heading stk-block stk-dae63e8 stk-block-background\" id=\"resultats-economics\" data-block-id=\"dae63e8\"><style>.stk-dae63e8{background-color:#006665 !important}.stk-dae63e8:before{background-color:#006665 !important}.stk-dae63e8 .stk-block-heading__text{color:var(--ast-global-color-4) !important}.stk-dae63e8 .stk-block-heading__top-line{height:0px !important;margin-bottom:20px !important}.stk-dae63e8 .stk-block-heading__bottom-line{height:0px !important;margin-top:20px !important}<\/style><div class=\"stk-block-heading__top-line\"><\/div><h2 class=\"stk-block-heading__text has-text-color has-ast-global-color-4-color has-text-align-center\">Economic results<\/h2><div class=\"stk-block-heading__bottom-line\"><\/div><\/div>\n\n<div class=\"wp-block-stackable-heading stk-block-heading stk-block stk-5e8b561\" id=\"strong-estat-financer-i-resultats-economics-strong\" data-block-id=\"5e8b561\"><style>.stk-5e8b561 .stk-block-heading__bottom-line{height:4px !important;width:40px !important;background-color:var(--ast-global-color-1) !important;margin-top:5px !important}<\/style><h3 class=\"stk-block-heading__text\"><strong>Financial status and economic results<\/strong><\/h3><div class=\"stk-block-heading__bottom-line\"><\/div><\/div>\n\n<div class=\"wp-block-stackable-icon-list stk-block-icon-list stk-block stk-a643011\" data-block-id=\"a643011\"><style>.stk-a643011 li{margin-bottom:10px !important}.stk-a643011 li::marker{color:var(--ast-global-color-1) !important;font-size:1.2em !important}<\/style><ul><li><a rel=\"noreferrer noopener\" href=\"https:\/\/interacsalut.cat\/wp-content\/uploads\/2022\/10\/Comptes_Anuals_Certificat_Aprovacio_Comptes_2016_FInterAc_Salut.pdf\" target=\"_blank\">Comptes Anuals i Certificat Aprovaci\u00f3 comptes 2016<\/a><\/li><li><a rel=\"noreferrer noopener\" href=\"https:\/\/interacsalut.cat\/wp-content\/uploads\/2022\/10\/Comptes_Anuals_Certificat_Aprovacio_Comptes_2017_FInterAc_Salut.pdf\" target=\"_blank\">Comptes Anuals i Certificat Aprovaci\u00f3 comptes 2017<\/a><\/li><li><a rel=\"noreferrer noopener\" href=\"https:\/\/interacsalut.cat\/wp-content\/uploads\/2022\/10\/Comptes_Anuals_Certificat_Aprovacio_Comptes_2018_FInterAc_Salut.pdf\" target=\"_blank\">Comptes Anuals i Certificat Aprovaci\u00f3 comptes 2018<\/a><\/li><li><a rel=\"noreferrer noopener\" href=\"https:\/\/interacsalut.cat\/wp-content\/uploads\/2022\/10\/comptes-anuals-i-certificat-01-01-2019-a-31-08-2019-1.pdf\" target=\"_blank\">Comptes Anuals i Certificat Aprovaci\u00f3 comptes 01\/01\/2019 a 31\/08\/2019<\/a><\/li><li><a rel=\"noreferrer noopener\" href=\"https:\/\/interacsalut.cat\/wp-content\/uploads\/2022\/10\/comptes-anuals-signats01092019-a-31082020-1.pdf\" target=\"_blank\">Comptes Anuals iCertificat Aprovaci\u00f3 comptes 01\/09\/2019 a 31\/08\/2020<\/a><\/li><li><a href=\"https:\/\/interacsalut.cat\/wp-content\/uploads\/2022\/10\/comptes-anuals-i-certificat-aprovaci-comptes-01092021-a-31082022.pdf\" target=\"_blank\" rel=\"noreferrer noopener\">Comptes Anuals i Certificat Aprovaci\u00f3 comptes 01\/09\/2020 a 31\/08\/2021<\/a><\/li><li><a rel=\"noreferrer noopener\" href=\"https:\/\/interacsalut.cat\/wp-content\/uploads\/2023\/05\/CCAA_Interac_21_22_signats.pdf\" target=\"_blank\">Comptes Anuals i Certificat Aprovaci\u00f3 comptes 01\/09\/2021 a 31\/08\/2022<\/a><\/li><\/ul><\/div>\n\n<div style=\"height:100px\" aria-hidden=\"true\" class=\"wp-block-spacer\"><\/div>\n","protected":false},"excerpt":{"rendered":"<p>Economic results Financial status and economic results Comptes Anuals i Certificat Aprovaci\u00f3 comptes 2016 Comptes Anuals i Certificat Aprovaci\u00f3 comptes 2017 Comptes Anuals i Certificat Aprovaci\u00f3 comptes 2018 Comptes Anuals [&hellip;]<\/p>\n","protected":false},"author":1,"featured_media":0,"parent":0,"menu_order":0,"comment_status":"closed","ping_status":"closed","template":"","meta":{"_acf_changed":false,"site-sidebar-layout":"default","site-content-layout":"","ast-site-content-layout":"default","site-content-style":"default","site-sidebar-style":"default","ast-global-header-display":"","ast-banner-title-visibility":"","ast-main-header-display":"","ast-hfb-above-header-display":"","ast-hfb-below-header-display":"","ast-hfb-mobile-header-display":"","site-post-title":"disabled","ast-breadcrumbs-content":"","ast-featured-img":"","footer-sml-layout":"","theme-transparent-header-meta":"","adv-header-id-meta":"","stick-header-meta":"","header-above-stick-meta":"","header-main-stick-meta":"","header-below-stick-meta":"","astra-migrate-meta-layouts":"default","ast-page-background-enabled":"default","ast-page-background-meta":{"desktop":{"background-color":"var(--ast-global-color-4)","background-image":"","background-repeat":"repeat","background-position":"center center","background-size":"auto","background-attachment":"scroll","background-type":"","background-media":"","overlay-type":"","overlay-color":"","overlay-opacity":"","overlay-gradient":""},"tablet":{"background-color":"","background-image":"","background-repeat":"repeat","background-position":"center center","background-size":"auto","background-attachment":"scroll","background-type":"","background-media":"","overlay-type":"","overlay-color":"","overlay-opacity":"","overlay-gradient":""},"mobile":{"background-color":"","background-image":"","background-repeat":"repeat","background-position":"center center","background-size":"auto","background-attachment":"scroll","background-type":"","background-media":"","overlay-type":"","overlay-color":"","overlay-opacity":"","overlay-gradient":""}},"ast-content-background-meta":{"desktop":{"background-color":"var(--ast-global-color-5)","background-image":"","background-repeat":"repeat","background-position":"center center","background-size":"auto","background-attachment":"scroll","background-type":"","background-media":"","overlay-type":"","overlay-color":"","overlay-opacity":"","overlay-gradient":""},"tablet":{"background-color":"var(--ast-global-color-5)","background-image":"","background-repeat":"repeat","background-position":"center center","background-size":"auto","background-attachment":"scroll","background-type":"","background-media":"","overlay-type":"","overlay-color":"","overlay-opacity":"","overlay-gradient":""},"mobile":{"background-color":"var(--ast-global-color-5)","background-image":"","background-repeat":"repeat","background-position":"center center","background-size":"auto","background-attachment":"scroll","background-type":"","background-media":"","overlay-type":"","overlay-color":"","overlay-opacity":"","overlay-gradient":""}},"footnotes":""},"class_list":["post-10829","page","type-page","status-publish","hentry"],"acf":[],"_links":{"self":[{"href":"https:\/\/interacsalut.cat\/en\/wp-json\/wp\/v2\/pages\/10829","targetHints":{"allow":["GET"]}}],"collection":[{"href":"https:\/\/interacsalut.cat\/en\/wp-json\/wp\/v2\/pages"}],"about":[{"href":"https:\/\/interacsalut.cat\/en\/wp-json\/wp\/v2\/types\/page"}],"author":[{"embeddable":true,"href":"https:\/\/interacsalut.cat\/en\/wp-json\/wp\/v2\/users\/1"}],"replies":[{"embeddable":true,"href":"https:\/\/interacsalut.cat\/en\/wp-json\/wp\/v2\/comments?post=10829"}],"version-history":[{"count":2,"href":"https:\/\/interacsalut.cat\/en\/wp-json\/wp\/v2\/pages\/10829\/revisions"}],"predecessor-version":[{"id":18525,"href":"https:\/\/interacsalut.cat\/en\/wp-json\/wp\/v2\/pages\/10829\/revisions\/18525"}],"wp:attachment":[{"href":"https:\/\/interacsalut.cat\/en\/wp-json\/wp\/v2\/media?parent=10829"}],"curies":[{"name":"wp","href":"https:\/\/api.w.org\/{rel}","templated":true}]}}